{"id":1725,"date":"2020-04-17T13:59:26","date_gmt":"2020-04-17T11:59:26","guid":{"rendered":"http:\/\/smartpix-website-test.azurewebsites.net\/?page_id=1725"},"modified":"2024-02-21T17:33:32","modified_gmt":"2024-02-21T16:33:32","slug":"albin-dorleans","status":"publish","type":"page","link":"https:\/\/www.smartpixels.fr\/fr\/albin-dorleans\/","title":{"rendered":"Albin Dorl\u00e9ans"},"content":{"rendered":"<div data-elementor-type=\"wp-page\" data-elementor-id=\"1725\" class=\"elementor elementor-1725\" data-elementor-post-type=\"page\">\n\t\t\t\t\t\t<section class=\"elementor-section elementor-top-section elementor-element elementor-element-11827053 elementor-section-boxed elementor-section-height-default elementor-section-height-default\" data-id=\"11827053\" data-element_type=\"section\" data-e-type=\"section\">\n\t\t\t\t\t\t<div class=\"elementor-container elementor-column-gap-default\">\n\t\t\t\t\t<div class=\"elementor-column elementor-col-50 elementor-top-column elementor-element elementor-element-68673c31\" data-id=\"68673c31\" data-element_type=\"column\" data-e-type=\"column\">\n\t\t\t<div class=\"elementor-widget-wrap elementor-element-populated\">\n\t\t\t\t\t\t<div class=\"elementor-element elementor-element-32d3a7be elementor-widget elementor-widget-image\" data-id=\"32d3a7be\" data-element_type=\"widget\" data-e-type=\"widget\" data-widget_type=\"image.default\">\n\t\t\t\t<div class=\"elementor-widget-container\">\n\t\t\t\t\t\t\t\t\t\t\t\t\t\t\t<img fetchpriority=\"high\" decoding=\"async\" width=\"600\" height=\"600\" src=\"https:\/\/www.smartpixels.fr\/wp-content\/uploads\/2020\/08\/AlbinDorleans.jpg\" class=\"attachment-large size-large wp-image-2415\" alt=\"\" srcset=\"https:\/\/www.smartpixels.fr\/wp-content\/uploads\/2020\/08\/AlbinDorleans.jpg 600w, https:\/\/www.smartpixels.fr\/wp-content\/uploads\/2020\/08\/AlbinDorleans-570x570.jpg 570w, https:\/\/www.smartpixels.fr\/wp-content\/uploads\/2020\/08\/AlbinDorleans-150x150.jpg 150w, https:\/\/www.smartpixels.fr\/wp-content\/uploads\/2020\/08\/AlbinDorleans-270x270.jpg 270w, https:\/\/www.smartpixels.fr\/wp-content\/uploads\/2020\/08\/AlbinDorleans-370x370.jpg 370w, https:\/\/www.smartpixels.fr\/wp-content\/uploads\/2020\/08\/AlbinDorleans-80x80.jpg 80w\" sizes=\"(max-width: 600px) 100vw, 600px\" \/>\t\t\t\t\t\t\t\t\t\t\t\t\t\t\t<\/div>\n\t\t\t\t<\/div>\n\t\t\t\t<div class=\"elementor-element elementor-element-f60a678 elementor-widget elementor-widget-spacer\" data-id=\"f60a678\" data-element_type=\"widget\" data-e-type=\"widget\" data-widget_type=\"spacer.default\">\n\t\t\t\t<div class=\"elementor-widget-container\">\n\t\t\t\t\t\t\t<div class=\"elementor-spacer\">\n\t\t\t<div class=\"elementor-spacer-inner\"><\/div>\n\t\t<\/div>\n\t\t\t\t\t\t<\/div>\n\t\t\t\t<\/div>\n\t\t\t\t<div class=\"elementor-element elementor-element-2254aee1 elementor-widget elementor-widget-spacer\" data-id=\"2254aee1\" data-element_type=\"widget\" data-e-type=\"widget\" data-widget_type=\"spacer.default\">\n\t\t\t\t<div class=\"elementor-widget-container\">\n\t\t\t\t\t\t\t<div class=\"elementor-spacer\">\n\t\t\t<div class=\"elementor-spacer-inner\"><\/div>\n\t\t<\/div>\n\t\t\t\t\t\t<\/div>\n\t\t\t\t<\/div>\n\t\t\t\t\t<\/div>\n\t\t<\/div>\n\t\t\t\t<div class=\"elementor-column elementor-col-50 elementor-top-column elementor-element elementor-element-422aea19\" data-id=\"422aea19\" data-element_type=\"column\" data-e-type=\"column\">\n\t\t\t<div class=\"elementor-widget-wrap elementor-element-populated\">\n\t\t\t\t\t\t<div class=\"elementor-element elementor-element-43743572 elementor-widget elementor-widget-heading\" data-id=\"43743572\" data-element_type=\"widget\" data-e-type=\"widget\" data-widget_type=\"heading.default\">\n\t\t\t\t<div class=\"elementor-widget-container\">\n\t\t\t\t\t<h1 class=\"elementor-heading-title elementor-size-default\">Albin Dorl\u00e9ans<\/h1>\t\t\t\t<\/div>\n\t\t\t\t<\/div>\n\t\t\t\t<div class=\"elementor-element elementor-element-1709ef86 elementor-widget elementor-widget-spacer\" data-id=\"1709ef86\" data-element_type=\"widget\" data-e-type=\"widget\" data-widget_type=\"spacer.default\">\n\t\t\t\t<div class=\"elementor-widget-container\">\n\t\t\t\t\t\t\t<div class=\"elementor-spacer\">\n\t\t\t<div class=\"elementor-spacer-inner\"><\/div>\n\t\t<\/div>\n\t\t\t\t\t\t<\/div>\n\t\t\t\t<\/div>\n\t\t\t\t<div class=\"elementor-element elementor-element-aa7c75f elementor-widget elementor-widget-heading\" data-id=\"aa7c75f\" data-element_type=\"widget\" data-e-type=\"widget\" data-widget_type=\"heading.default\">\n\t\t\t\t<div class=\"elementor-widget-container\">\n\t\t\t\t\t<h1 class=\"elementor-heading-title elementor-size-default\">Graphiste Senior<\/h1>\t\t\t\t<\/div>\n\t\t\t\t<\/div>\n\t\t\t\t<div class=\"elementor-element elementor-element-4ce866fc elementor-widget elementor-widget-spacer\" data-id=\"4ce866fc\" data-element_type=\"widget\" data-e-type=\"widget\" data-widget_type=\"spacer.default\">\n\t\t\t\t<div class=\"elementor-widget-container\">\n\t\t\t\t\t\t\t<div class=\"elementor-spacer\">\n\t\t\t<div class=\"elementor-spacer-inner\"><\/div>\n\t\t<\/div>\n\t\t\t\t\t\t<\/div>\n\t\t\t\t<\/div>\n\t\t\t\t<div class=\"elementor-element elementor-element-3def3412 elementor-widget elementor-widget-text-editor\" data-id=\"3def3412\" data-element_type=\"widget\" data-e-type=\"widget\" data-widget_type=\"text-editor.default\">\n\t\t\t\t<div class=\"elementor-widget-container\">\n\t\t\t\t\t\t\t\t\t<p>Albin est l'artiste 3D de SmartPixels, un fervent amateur de cuisine chinoise, qui aime le hip-hop et sait tout ce qu'il faut savoir sur les poires.<br><span id=\"more-12375\"><\/span><\/p>\n<p><\/p>\n<p>Passionn\u00e9 par les arts graphiques et l'\u00e9dition 3D en temps r\u00e9el, Albin est dipl\u00f4m\u00e9 de la section Game Art d'Isart Digital \u00e0 Paris o\u00f9 il a \u00e9tudi\u00e9 le graphisme appliqu\u00e9 aux jeux vid\u00e9o. Il d\u00e9veloppe des shaders comme un pro, cr\u00e9e des textures comme un patron, et est l'expert en \u00e9clairage et en int\u00e9gration Unity de SmartPixels.<\/p>\n<p><\/p>\n<p>Avant SmartPixels, il a fait tanguer le bateau dans le monde de la publicit\u00e9, en montage et en impression.&nbsp;<\/p>\t\t\t\t\t\t\t\t<\/div>\n\t\t\t\t<\/div>\n\t\t\t\t<div class=\"elementor-element elementor-element-7f41d3c4 elementor-widget elementor-widget-spacer\" data-id=\"7f41d3c4\" data-element_type=\"widget\" data-e-type=\"widget\" data-widget_type=\"spacer.default\">\n\t\t\t\t<div class=\"elementor-widget-container\">\n\t\t\t\t\t\t\t<div class=\"elementor-spacer\">\n\t\t\t<div class=\"elementor-spacer-inner\"><\/div>\n\t\t<\/div>\n\t\t\t\t\t\t<\/div>\n\t\t\t\t<\/div>\n\t\t\t\t<div class=\"elementor-element elementor-element-f910e33 elementor-position-inline-start elementor-view-default elementor-mobile-position-block-start elementor-widget elementor-widget-icon-box\" data-id=\"f910e33\" data-element_type=\"widget\" data-e-type=\"widget\" data-widget_type=\"icon-box.default\">\n\t\t\t\t<div class=\"elementor-widget-container\">\n\t\t\t\t\t\t\t<div class=\"elementor-icon-box-wrapper\">\n\n\t\t\t\t\t\t<div class=\"elementor-icon-box-icon\">\n\t\t\t\t<a href=\"https:\/\/www.linkedin.com\/in\/albin-dorl%C3%A9ans-52394494\/\" class=\"elementor-icon elementor-animation-grow\" tabindex=\"-1\" aria-label=\"Profil LinkedIn\">\n\t\t\t\t<svg xmlns=\"http:\/\/www.w3.org\/2000\/svg\" xmlns:xlink=\"http:\/\/www.w3.org\/1999\/xlink\" id=\"Calque_1\" x=\"0px\" y=\"0px\" viewbox=\"0 0 512 512\" style=\"enable-background:new 0 0 512 512;\" xml:space=\"preserve\"><style type=\"text\/css\">\t.st0{fill:#B71531;}<\/style><path class=\"st0\" d=\"M475.1,0H36.9C16.5,0,0,16.5,0,36.9v438.1C0,495.5,16.5,512,36.9,512h438.1c20.4,0,36.9-16.5,36.9-36.9V36.9  C512,16.5,495.5,0,475.1,0z M181.6,387h-62.3V199.4h62.3V387z M150.4,173.8H150c-20.9,0-34.5-14.4-34.5-32.4  c0-18.4,13.9-32.4,35.3-32.4s34.5,14,34.9,32.4C185.7,159.4,172.2,173.8,150.4,173.8z M406.4,387h-62.3V286.7  c0-25.2-9-42.4-31.6-42.4c-17.2,0-27.5,11.6-32,22.8c-1.6,4-2.1,9.6-2.1,15.2V387h-62.3c0,0,0.8-170,0-187.6h62.3V226  c8.3-12.8,23.1-31,56.2-31c41,0,71.8,26.8,71.8,84.4V387z\"><\/path><\/svg>\t\t\t\t<\/a>\n\t\t\t<\/div>\n\t\t\t\n\t\t\t\t\t\t<div class=\"elementor-icon-box-content\">\n\n\t\t\t\t\t\t\t\t\t<h3 class=\"elementor-icon-box-title\">\n\t\t\t\t\t\t<a href=\"https:\/\/www.linkedin.com\/in\/albin-dorl%C3%A9ans-52394494\/\" >\n\t\t\t\t\t\t\tProfil LinkedIn\t\t\t\t\t\t<\/a>\n\t\t\t\t\t<\/h3>\n\t\t\t\t\n\t\t\t\t\n\t\t\t<\/div>\n\t\t\t\n\t\t<\/div>\n\t\t\t\t\t\t<\/div>\n\t\t\t\t<\/div>\n\t\t\t\t<div class=\"elementor-element elementor-element-1cde80c2 elementor-widget elementor-widget-spacer\" data-id=\"1cde80c2\" data-element_type=\"widget\" data-e-type=\"widget\" data-widget_type=\"spacer.default\">\n\t\t\t\t<div class=\"elementor-widget-container\">\n\t\t\t\t\t\t\t<div class=\"elementor-spacer\">\n\t\t\t<div class=\"elementor-spacer-inner\"><\/div>\n\t\t<\/div>\n\t\t\t\t\t\t<\/div>\n\t\t\t\t<\/div>\n\t\t\t\t<div class=\"elementor-element elementor-element-4c12690 elementor-align-left elementor-widget elementor-widget-button\" data-id=\"4c12690\" data-element_type=\"widget\" data-e-type=\"widget\" data-widget_type=\"button.default\">\n\t\t\t\t<div class=\"elementor-widget-container\">\n\t\t\t\t\t\t\t\t\t<div class=\"elementor-button-wrapper\">\n\t\t\t\t\t<a class=\"elementor-button elementor-button-link elementor-size-sm\" href=\"https:\/\/www.smartpixels.fr\/fr\/meet-the-team\/\">\n\t\t\t\t\t\t<span class=\"elementor-button-content-wrapper\">\n\t\t\t\t\t\t\t\t\t<span class=\"elementor-button-text\">&lt; Meet the team<\/span>\n\t\t\t\t\t<\/span>\n\t\t\t\t\t<\/a>\n\t\t\t\t<\/div>\n\t\t\t\t\t\t\t\t<\/div>\n\t\t\t\t<\/div>\n\t\t\t\t\t<\/div>\n\t\t<\/div>\n\t\t\t\t\t<\/div>\n\t\t<\/section>\n\t\t\t\t<\/div>","protected":false},"excerpt":{"rendered":"<p>Albin Dorl\u00e9ans Senior Graphic Artist Albin\u00a0is\u00a0SmartPixels\u2019 very own 3D Artist, a proud chinese food enthusiast, who loves hip-hop and knows everything there is to know about pears. Passionnate about graphic arts and real-time 3D editing, Albin graduated from Isart Digital\u2019s Game Art section in Paris where he studied graphics applied to video games. He develops [&hellip;]<\/p>\n","protected":false},"author":2,"featured_media":0,"parent":0,"menu_order":0,"comment_status":"closed","ping_status":"closed","template":"","meta":{"footnotes":""},"class_list":["post-1725","page","type-page","status-publish","hentry"],"jetpack_sharing_enabled":true,"_links":{"self":[{"href":"https:\/\/www.smartpixels.fr\/fr\/wp-json\/wp\/v2\/pages\/1725","targetHints":{"allow":["GET"]}}],"collection":[{"href":"https:\/\/www.smartpixels.fr\/fr\/wp-json\/wp\/v2\/pages"}],"about":[{"href":"https:\/\/www.smartpixels.fr\/fr\/wp-json\/wp\/v2\/types\/page"}],"author":[{"embeddable":true,"href":"https:\/\/www.smartpixels.fr\/fr\/wp-json\/wp\/v2\/users\/2"}],"replies":[{"embeddable":true,"href":"https:\/\/www.smartpixels.fr\/fr\/wp-json\/wp\/v2\/comments?post=1725"}],"version-history":[{"count":32,"href":"https:\/\/www.smartpixels.fr\/fr\/wp-json\/wp\/v2\/pages\/1725\/revisions"}],"predecessor-version":[{"id":22070,"href":"https:\/\/www.smartpixels.fr\/fr\/wp-json\/wp\/v2\/pages\/1725\/revisions\/22070"}],"wp:attachment":[{"href":"https:\/\/www.smartpixels.fr\/fr\/wp-json\/wp\/v2\/media?parent=1725"}],"curies":[{"name":"wp","href":"https:\/\/api.w.org\/{rel}","templated":true}]}}