{"id":1744,"date":"2020-04-17T14:07:18","date_gmt":"2020-04-17T12:07:18","guid":{"rendered":"http:\/\/smartpix-website-test.azurewebsites.net\/?page_id=1744"},"modified":"2023-07-26T09:58:03","modified_gmt":"2023-07-26T07:58:03","slug":"jeremy-schotte","status":"publish","type":"page","link":"https:\/\/www.smartpixels.fr\/fr\/jeremy-schotte\/","title":{"rendered":"J\u00e9r\u00e9my Schotte"},"content":{"rendered":"<div data-elementor-type=\"wp-page\" data-elementor-id=\"1744\" class=\"elementor elementor-1744\" data-elementor-post-type=\"page\">\n\t\t\t\t\t\t<section class=\"elementor-section elementor-top-section elementor-element elementor-element-5da50865 elementor-section-boxed elementor-section-height-default elementor-section-height-default\" data-id=\"5da50865\" data-element_type=\"section\" data-e-type=\"section\">\n\t\t\t\t\t\t<div class=\"elementor-container elementor-column-gap-default\">\n\t\t\t\t\t<div class=\"elementor-column elementor-col-50 elementor-top-column elementor-element elementor-element-2a6c08f1\" data-id=\"2a6c08f1\" data-element_type=\"column\" data-e-type=\"column\">\n\t\t\t<div class=\"elementor-widget-wrap elementor-element-populated\">\n\t\t\t\t\t\t<div class=\"elementor-element elementor-element-66d5fc5 elementor-widget elementor-widget-image\" data-id=\"66d5fc5\" data-element_type=\"widget\" data-e-type=\"widget\" data-widget_type=\"image.default\">\n\t\t\t\t<div class=\"elementor-widget-container\">\n\t\t\t\t\t\t\t\t\t\t\t\t\t\t\t<img fetchpriority=\"high\" decoding=\"async\" width=\"600\" height=\"600\" src=\"https:\/\/www.smartpixels.fr\/wp-content\/uploads\/2016\/06\/Jeremy-S-2020.jpg\" class=\"attachment-large size-large wp-image-1068\" alt=\"\" srcset=\"https:\/\/www.smartpixels.fr\/wp-content\/uploads\/2016\/06\/Jeremy-S-2020.jpg 600w, https:\/\/www.smartpixels.fr\/wp-content\/uploads\/2016\/06\/Jeremy-S-2020-300x300.jpg 300w, https:\/\/www.smartpixels.fr\/wp-content\/uploads\/2016\/06\/Jeremy-S-2020-100x100.jpg 100w, https:\/\/www.smartpixels.fr\/wp-content\/uploads\/2016\/06\/Jeremy-S-2020-570x570.jpg 570w, https:\/\/www.smartpixels.fr\/wp-content\/uploads\/2016\/06\/Jeremy-S-2020-150x150.jpg 150w, https:\/\/www.smartpixels.fr\/wp-content\/uploads\/2016\/06\/Jeremy-S-2020-270x270.jpg 270w, https:\/\/www.smartpixels.fr\/wp-content\/uploads\/2016\/06\/Jeremy-S-2020-370x370.jpg 370w, https:\/\/www.smartpixels.fr\/wp-content\/uploads\/2016\/06\/Jeremy-S-2020-80x80.jpg 80w\" sizes=\"(max-width: 600px) 100vw, 600px\" \/>\t\t\t\t\t\t\t\t\t\t\t\t\t\t\t<\/div>\n\t\t\t\t<\/div>\n\t\t\t\t<div class=\"elementor-element elementor-element-420e0911 elementor-widget elementor-widget-spacer\" data-id=\"420e0911\" data-element_type=\"widget\" data-e-type=\"widget\" data-widget_type=\"spacer.default\">\n\t\t\t\t<div class=\"elementor-widget-container\">\n\t\t\t\t\t\t\t<div class=\"elementor-spacer\">\n\t\t\t<div class=\"elementor-spacer-inner\"><\/div>\n\t\t<\/div>\n\t\t\t\t\t\t<\/div>\n\t\t\t\t<\/div>\n\t\t\t\t<div class=\"elementor-element elementor-element-13c89cf8 elementor-widget elementor-widget-spacer\" data-id=\"13c89cf8\" data-element_type=\"widget\" data-e-type=\"widget\" data-widget_type=\"spacer.default\">\n\t\t\t\t<div class=\"elementor-widget-container\">\n\t\t\t\t\t\t\t<div class=\"elementor-spacer\">\n\t\t\t<div class=\"elementor-spacer-inner\"><\/div>\n\t\t<\/div>\n\t\t\t\t\t\t<\/div>\n\t\t\t\t<\/div>\n\t\t\t\t\t<\/div>\n\t\t<\/div>\n\t\t\t\t<div class=\"elementor-column elementor-col-50 elementor-top-column elementor-element elementor-element-66a60742\" data-id=\"66a60742\" data-element_type=\"column\" data-e-type=\"column\">\n\t\t\t<div class=\"elementor-widget-wrap elementor-element-populated\">\n\t\t\t\t\t\t<div class=\"elementor-element elementor-element-25ad3e9e elementor-widget elementor-widget-heading\" data-id=\"25ad3e9e\" data-element_type=\"widget\" data-e-type=\"widget\" data-widget_type=\"heading.default\">\n\t\t\t\t<div class=\"elementor-widget-container\">\n\t\t\t\t\t<h1 class=\"elementor-heading-title elementor-size-default\">J\u00e9r\u00e9my Schotte<\/h1>\t\t\t\t<\/div>\n\t\t\t\t<\/div>\n\t\t\t\t<div class=\"elementor-element elementor-element-9e538f elementor-widget elementor-widget-spacer\" data-id=\"9e538f\" data-element_type=\"widget\" data-e-type=\"widget\" data-widget_type=\"spacer.default\">\n\t\t\t\t<div class=\"elementor-widget-container\">\n\t\t\t\t\t\t\t<div class=\"elementor-spacer\">\n\t\t\t<div class=\"elementor-spacer-inner\"><\/div>\n\t\t<\/div>\n\t\t\t\t\t\t<\/div>\n\t\t\t\t<\/div>\n\t\t\t\t<div class=\"elementor-element elementor-element-566f9dae elementor-widget elementor-widget-heading\" data-id=\"566f9dae\" data-element_type=\"widget\" data-e-type=\"widget\" data-widget_type=\"heading.default\">\n\t\t\t\t<div class=\"elementor-widget-container\">\n\t\t\t\t\t<h1 class=\"elementor-heading-title elementor-size-default\">D\u00e9veloppeur de Logiciels<\/h1>\t\t\t\t<\/div>\n\t\t\t\t<\/div>\n\t\t\t\t<div class=\"elementor-element elementor-element-26d6bb00 elementor-widget elementor-widget-spacer\" data-id=\"26d6bb00\" data-element_type=\"widget\" data-e-type=\"widget\" data-widget_type=\"spacer.default\">\n\t\t\t\t<div class=\"elementor-widget-container\">\n\t\t\t\t\t\t\t<div class=\"elementor-spacer\">\n\t\t\t<div class=\"elementor-spacer-inner\"><\/div>\n\t\t<\/div>\n\t\t\t\t\t\t<\/div>\n\t\t\t\t<\/div>\n\t\t\t\t<div class=\"elementor-element elementor-element-2490c110 elementor-widget elementor-widget-text-editor\" data-id=\"2490c110\" data-element_type=\"widget\" data-e-type=\"widget\" data-widget_type=\"text-editor.default\">\n\t\t\t\t<div class=\"elementor-widget-container\">\n\t\t\t\t\t\t\t\t\t<p>After graduating from \u00c9cole 42, J\u00e9r\u00e9my did his end-of-study internship at SmartPixels, which he joined in 2019.<\/p><p>\u00a0<\/p><p>Despite his young age, J\u00e9r\u00e9my can boast several professional experiences, including the opportunity to work at the French embassy in Prague.<\/p><p>\u00a0<\/p><p>A great fan of the world of computing and video games, J\u00e9r\u00e9my quickly became interested in the programming sector.<\/p>\t\t\t\t\t\t\t\t<\/div>\n\t\t\t\t<\/div>\n\t\t\t\t<div class=\"elementor-element elementor-element-6a31aeac elementor-widget elementor-widget-spacer\" data-id=\"6a31aeac\" data-element_type=\"widget\" data-e-type=\"widget\" data-widget_type=\"spacer.default\">\n\t\t\t\t<div class=\"elementor-widget-container\">\n\t\t\t\t\t\t\t<div class=\"elementor-spacer\">\n\t\t\t<div class=\"elementor-spacer-inner\"><\/div>\n\t\t<\/div>\n\t\t\t\t\t\t<\/div>\n\t\t\t\t<\/div>\n\t\t\t\t<div class=\"elementor-element elementor-element-4dbf383a elementor-position-inline-start elementor-view-default elementor-mobile-position-block-start elementor-widget elementor-widget-icon-box\" data-id=\"4dbf383a\" data-element_type=\"widget\" data-e-type=\"widget\" data-widget_type=\"icon-box.default\">\n\t\t\t\t<div class=\"elementor-widget-container\">\n\t\t\t\t\t\t\t<div class=\"elementor-icon-box-wrapper\">\n\n\t\t\t\t\t\t<div class=\"elementor-icon-box-icon\">\n\t\t\t\t<a href=\"https:\/\/www.linkedin.com\/in\/jeremyschotte\/\" class=\"elementor-icon elementor-animation-grow\" tabindex=\"-1\" aria-label=\"Profil LinkedIn\">\n\t\t\t\t<svg xmlns=\"http:\/\/www.w3.org\/2000\/svg\" xmlns:xlink=\"http:\/\/www.w3.org\/1999\/xlink\" id=\"Calque_1\" x=\"0px\" y=\"0px\" viewbox=\"0 0 512 512\" style=\"enable-background:new 0 0 512 512;\" xml:space=\"preserve\"><style type=\"text\/css\">\t.st0{fill:#B71531;}<\/style><path class=\"st0\" d=\"M475.1,0H36.9C16.5,0,0,16.5,0,36.9v438.1C0,495.5,16.5,512,36.9,512h438.1c20.4,0,36.9-16.5,36.9-36.9V36.9  C512,16.5,495.5,0,475.1,0z M181.6,387h-62.3V199.4h62.3V387z M150.4,173.8H150c-20.9,0-34.5-14.4-34.5-32.4  c0-18.4,13.9-32.4,35.3-32.4s34.5,14,34.9,32.4C185.7,159.4,172.2,173.8,150.4,173.8z M406.4,387h-62.3V286.7  c0-25.2-9-42.4-31.6-42.4c-17.2,0-27.5,11.6-32,22.8c-1.6,4-2.1,9.6-2.1,15.2V387h-62.3c0,0,0.8-170,0-187.6h62.3V226  c8.3-12.8,23.1-31,56.2-31c41,0,71.8,26.8,71.8,84.4V387z\"><\/path><\/svg>\t\t\t\t<\/a>\n\t\t\t<\/div>\n\t\t\t\n\t\t\t\t\t\t<div class=\"elementor-icon-box-content\">\n\n\t\t\t\t\t\t\t\t\t<h3 class=\"elementor-icon-box-title\">\n\t\t\t\t\t\t<a href=\"https:\/\/www.linkedin.com\/in\/jeremyschotte\/\" >\n\t\t\t\t\t\t\tProfil LinkedIn\t\t\t\t\t\t<\/a>\n\t\t\t\t\t<\/h3>\n\t\t\t\t\n\t\t\t\t\n\t\t\t<\/div>\n\t\t\t\n\t\t<\/div>\n\t\t\t\t\t\t<\/div>\n\t\t\t\t<\/div>\n\t\t\t\t<div class=\"elementor-element elementor-element-3a4fe26b elementor-widget elementor-widget-spacer\" data-id=\"3a4fe26b\" data-element_type=\"widget\" data-e-type=\"widget\" data-widget_type=\"spacer.default\">\n\t\t\t\t<div class=\"elementor-widget-container\">\n\t\t\t\t\t\t\t<div class=\"elementor-spacer\">\n\t\t\t<div class=\"elementor-spacer-inner\"><\/div>\n\t\t<\/div>\n\t\t\t\t\t\t<\/div>\n\t\t\t\t<\/div>\n\t\t\t\t<div class=\"elementor-element elementor-element-8213383 elementor-align-left elementor-widget elementor-widget-button\" data-id=\"8213383\" data-element_type=\"widget\" data-e-type=\"widget\" data-widget_type=\"button.default\">\n\t\t\t\t<div class=\"elementor-widget-container\">\n\t\t\t\t\t\t\t\t\t<div class=\"elementor-button-wrapper\">\n\t\t\t\t\t<a class=\"elementor-button elementor-button-link elementor-size-sm\" href=\"https:\/\/www.smartpixels.fr\/fr\/meet-the-team\/\">\n\t\t\t\t\t\t<span class=\"elementor-button-content-wrapper\">\n\t\t\t\t\t\t\t\t\t<span class=\"elementor-button-text\">&lt; Meet the team<\/span>\n\t\t\t\t\t<\/span>\n\t\t\t\t\t<\/a>\n\t\t\t\t<\/div>\n\t\t\t\t\t\t\t\t<\/div>\n\t\t\t\t<\/div>\n\t\t\t\t\t<\/div>\n\t\t<\/div>\n\t\t\t\t\t<\/div>\n\t\t<\/section>\n\t\t\t\t<\/div>","protected":false},"excerpt":{"rendered":"<p>J\u00e9r\u00e9my Schotte Software Developer After graduating from \u00c9cole 42, J\u00e9r\u00e9my did his end-of-study internship at SmartPixels, which he joined in 2019. \u00a0 Despite his young age, J\u00e9r\u00e9my can boast several professional experiences, including the opportunity to work at the French embassy in Prague. \u00a0 A great fan of the world of computing and video games, [&hellip;]<\/p>\n","protected":false},"author":2,"featured_media":0,"parent":0,"menu_order":0,"comment_status":"closed","ping_status":"closed","template":"","meta":{"footnotes":""},"class_list":["post-1744","page","type-page","status-publish","hentry"],"jetpack_sharing_enabled":true,"_links":{"self":[{"href":"https:\/\/www.smartpixels.fr\/fr\/wp-json\/wp\/v2\/pages\/1744","targetHints":{"allow":["GET"]}}],"collection":[{"href":"https:\/\/www.smartpixels.fr\/fr\/wp-json\/wp\/v2\/pages"}],"about":[{"href":"https:\/\/www.smartpixels.fr\/fr\/wp-json\/wp\/v2\/types\/page"}],"author":[{"embeddable":true,"href":"https:\/\/www.smartpixels.fr\/fr\/wp-json\/wp\/v2\/users\/2"}],"replies":[{"embeddable":true,"href":"https:\/\/www.smartpixels.fr\/fr\/wp-json\/wp\/v2\/comments?post=1744"}],"version-history":[{"count":28,"href":"https:\/\/www.smartpixels.fr\/fr\/wp-json\/wp\/v2\/pages\/1744\/revisions"}],"predecessor-version":[{"id":19921,"href":"https:\/\/www.smartpixels.fr\/fr\/wp-json\/wp\/v2\/pages\/1744\/revisions\/19921"}],"wp:attachment":[{"href":"https:\/\/www.smartpixels.fr\/fr\/wp-json\/wp\/v2\/media?parent=1744"}],"curies":[{"name":"wp","href":"https:\/\/api.w.org\/{rel}","templated":true}]}}