{"id":7190,"date":"2021-05-27T14:11:05","date_gmt":"2021-05-27T12:11:05","guid":{"rendered":"https:\/\/www.smartpixels.fr\/?page_id=7190"},"modified":"2024-01-29T17:20:24","modified_gmt":"2024-01-29T16:20:24","slug":"terms-and-policy","status":"publish","type":"page","link":"https:\/\/www.smartpixels.fr\/fr\/terms-and-policy\/","title":{"rendered":"Termes et Conditions"},"content":{"rendered":"<div data-elementor-type=\"wp-page\" data-elementor-id=\"7190\" class=\"elementor elementor-7190\" data-elementor-post-type=\"page\">\n\t\t\t\t\t\t<section class=\"elementor-section elementor-top-section elementor-element elementor-element-954dc38 elementor-section-boxed elementor-section-height-default elementor-section-height-default\" data-id=\"954dc38\" data-element_type=\"section\" data-e-type=\"section\">\n\t\t\t\t\t\t<div class=\"elementor-container elementor-column-gap-default\">\n\t\t\t\t\t<div class=\"elementor-column elementor-col-100 elementor-top-column elementor-element elementor-element-1c45a97f\" data-id=\"1c45a97f\" data-element_type=\"column\" data-e-type=\"column\">\n\t\t\t<div class=\"elementor-widget-wrap elementor-element-populated\">\n\t\t\t\t\t\t<div class=\"elementor-element elementor-element-6c306d6 elementor-widget elementor-widget-spacer\" data-id=\"6c306d6\" data-element_type=\"widget\" data-e-type=\"widget\" data-widget_type=\"spacer.default\">\n\t\t\t\t<div class=\"elementor-widget-container\">\n\t\t\t\t\t\t\t<div class=\"elementor-spacer\">\n\t\t\t<div class=\"elementor-spacer-inner\"><\/div>\n\t\t<\/div>\n\t\t\t\t\t\t<\/div>\n\t\t\t\t<\/div>\n\t\t\t\t<div class=\"elementor-element elementor-element-2d5fc9d elementor-widget elementor-widget-text-editor\" data-id=\"2d5fc9d\" data-element_type=\"widget\" data-e-type=\"widget\" data-widget_type=\"text-editor.default\">\n\t\t\t\t<div class=\"elementor-widget-container\">\n\t\t\t\t\t\t\t\t\t<h1 style=\"text-align: center;\"><b>Mentions L\u00e9gales et politique de confidentialit\u00e9 <br> <br><\/b><strong style=\"text-align: left;\">&nbsp;<\/strong><br><\/h1><div><strong style=\"text-align: left;\"><br><\/strong><\/div>\n<p>La soci\u00e9t\u00e9 SmartPixels, soucieuse des droits des individus et dans une volont\u00e9 de transparence avec ses clients, a mis en place une politique reprenant l\u2019ensemble de ces traitements, des finalit\u00e9s poursuivies par ces derniers ainsi que des moyens d\u2019actions \u00e0 la disposition des individus afin qu\u2019ils puissent au mieux exercer leurs droits.<\/p>\n<p><br><\/p>\n<p>Pour toute information compl\u00e9mentaire sur la protection des donn\u00e9es personnelles, nous vous invitons \u00e0 consulter le site : https:\/\/www.cnil.fr\/<\/p>\n<p><br><\/p>\n<p>L\u2019utilisation du site www.smartpixels.fr implique l\u2019acceptation pleine et enti\u00e8re des conditions g\u00e9n\u00e9rales d\u2019utilisation ci-apr\u00e8s d\u00e9crites. Ces conditions d\u2019utilisation sont susceptibles d\u2019\u00eatre modifi\u00e9es ou compl\u00e9t\u00e9es \u00e0 tout moment, les utilisateurs du site www.smartpixels.fr sont donc invit\u00e9s \u00e0 les consulter de mani\u00e8re r\u00e9guli\u00e8re. La version actuellement en ligne de ces conditions d\u2019utilisation est la seule opposable pendant toutes la dur\u00e9e d\u2019utilisation du site, et jusqu\u2019\u00e0 ce qu\u2019une nouvelle version la remplace.<\/p>\n<p><br><\/p>\n<ol>\n<li>\n<h5 style=\"text-align: left;\"><b><u>Mentions l\u00e9gales<\/u><\/b><br><\/h5>\n<\/li>\n<\/ol>\n<p><b>Editeur du site (ci-apr\u00e8s \u00ab l\u2019\u00e9diteur \u00bb)<\/b><br><\/p>\n<p>SmartPixels SAS au capital de 2811 \u20ac, dont le si\u00e8ge social est situ\u00e9 : 32 boulevard de Strasbourg, 75010 Paris.<\/p>\n<p><strong>&nbsp;<\/strong><\/p>\n<p><b>H\u00e9bergeur du site (ci-apr\u00e8s \u00ab l\u2019h\u00e9bergeur \u00bb)<\/b><br><\/p>\n<p>OVH  \u2013 2 rue Kellermann \u2013 59100 Roubaix<\/p>\n<p><strong>&nbsp;<\/strong><\/p>\n<p><b>Responsable publication du site :<\/b><br><\/p>\n<p>Julien Berta \u2013 <span style=\"color: #b71531;\"><a style=\"color: #b71531;\" href=\"mailto:co*****@*********ls.fr\" data-original-string=\"4cX5Ou\/eBgc52oosHWZq\/Q==4304DmSAT6loU+NyxhqptAbCWYx0lZCGQ3xfjQ0wj1zTa8=\" title=\"This contact has been encoded by Anti-Spam by CleanTalk. Click to decode. To finish the decoding make sure that JavaScript is enabled in your browser.\"><span \n                data-original-string='1k+NMIBDG75I\/aepXDcG7A==4302kN+UdioaDLZWDN5alNaWlDn5VILK9hyLXFti+W6Bco='\n                class='apbct-email-encoder'\n                title='This contact has been encoded by Anti-Spam by CleanTalk. Click to decode. To finish the decoding make sure that JavaScript is enabled in your browser.'>co<span class=\"apbct-blur\">*****<\/span>@<span class=\"apbct-blur\">*********<\/span>ls.fr<\/span><\/a><\/span><\/p>\n<p><strong>&nbsp;<\/strong><\/p>\n<p><b>Propri\u00e9taire du site :<\/b><br><\/p>\n<p>SmartPixels SAS au capital de 2811 \u20ac, dont le si\u00e8ge social est situ\u00e9 : 32 boulevard de Strasbourg, 75010 Paris.<\/p>\n<ol start=\"2\">\n<li>\n<h5><b><u>Conditions g\u00e9n\u00e9rales d\u2019utilisation du site et des services propos\u00e9s.<\/u><\/b><br><\/h5>\n<\/li>\n<\/ol>\n<p><b><u>Acc\u00e8s au site<\/u><\/b><br><\/p>\n<p>Ce site est normalement accessible \u00e0 tout moment aux utilisateurs.<\/p>\n<p>Pour la bonne gestion du site, une interruption pour raison de maintenance technique peut \u00eatre toutefois d\u00e9cid\u00e9e par SmartPixels, qui s\u2019efforcera alors de communiquer pr\u00e9alablement aux utilisateurs les dates et heures de l\u2019intervention.<\/p>\n<p><br><\/p>\n<p><b><u>Gestion du site<\/u><\/b><br><\/p>\n<p>Le site www.smartpixels.fr est mis \u00e0 jour r\u00e9guli\u00e8rement. De la m\u00eame fa\u00e7on, les mentions l\u00e9gales et la politique de confidentialit\u00e9 peuvent \u00eatre modifi\u00e9es \u00e0 tout moment : elles s\u2019imposent n\u00e9anmoins \u00e0 l\u2019utilisateur qui est invit\u00e9 \u00e0 s\u2019y r\u00e9f\u00e9rer le plus souvent possible afin d\u2019en prendre connaissance.<br><\/p>\n<p><br><\/p>\n<p><b><u>Utilisation du site<\/u><\/b><br><\/p>\n<p>Vous vous engagez \u00e0 ne pas utiliser ce site et les informations ou donn\u00e9es qui y figurent \u00e0 des fins commerciales, politiques, publicitaires, et pour toutes forme de sollicitation commerciales, notamment de courriers \u00e9lectroniques non sollicit\u00e9s.<\/p>\n<ol start=\"3\">\n<li>\n<h5><b><u>Description des services fournis.<\/u><\/b><br><\/h5>\n<\/li>\n<\/ol>\n<p>Le site www.smartpixels.fr a pour objet de fournir une information concernant les activit\u00e9s de la soci\u00e9t\u00e9.<\/p>\n<p>SmartPixels s\u2019efforce de fournir sur le site www.smartpixels.fr des informations aussi pr\u00e9cises que possible. Toutefois, il ne pourra \u00eatre tenue responsable des omissions, des inexactitudes et des carences dans la mise \u00e0 jour, qu\u2019elles soient de son fait ou du fait des tiers partenaires qui lui fournissent ces informations.<\/p>\n<p>Toutes les informations indiqu\u00e9es sur le site www.smartpixels.fr sont donn\u00e9es \u00e0 titre indicatif, et sont susceptibles d\u2019\u00e9voluer. Par ailleurs, les renseignements figurant sur le site www.smartpixels.fr ne sont pas exhaustifs. Ils sont donn\u00e9s sous r\u00e9serve de modifications ayant \u00e9t\u00e9 apport\u00e9es depuis leur mise en ligne.<\/p>\n<ol start=\"4\">\n<li>\n<h5><b><u>Limitations contractuelles sur les donn\u00e9es techniques.<\/u><\/b><br><\/h5>\n<\/li>\n<\/ol>\n<p>Le site utilise la technologie JavaScript. Le site Internet ne pourra \u00eatre tenu responsable de dommages mat\u00e9riels li\u00e9s \u00e0 l\u2019utilisation du site. De plus, l\u2019utilisateur du site s\u2019engage \u00e0 acc\u00e9der au site en utilisant un mat\u00e9riel r\u00e9cent, ne contenant pas de virus et avec un navigateur de derni\u00e8re g\u00e9n\u00e9ration mis-\u00e0-jour.<\/p>\n<ol start=\"5\">\n<li>\n<h5><b><u>Contenu du site, propri\u00e9t\u00e9 intellectuelle et contrefa\u00e7ons.<\/u><\/b><br><\/h5>\n<\/li>\n<\/ol>\n<p>SmartPixels est propri\u00e9taire des droits de propri\u00e9t\u00e9 intellectuelle et d\u00e9tient les droits d\u2019usage sur tous les \u00e9l\u00e9ments accessibles sur le site www.smartpixels.fr, notamment les textes, images anim\u00e9es ou non, illustrations, photographies, graphismes, logo, ic\u00f4nes, sons, vid\u00e9os, logiciels, ainsi que toutes les applications informatiques qui pourraient \u00eatre utilis\u00e9s pour faire fonctionner le site.<\/p>\n<p>Toute reproduction, repr\u00e9sentation, modification, publication, adaptation de tout ou partie des \u00e9l\u00e9ments du site, quel que soit le moyen ou le proc\u00e9d\u00e9 utilis\u00e9, est interdite, sauf autorisation \u00e9crite pr\u00e9alable de SmartPixels.<\/p>\n<p>Toute exploitation non autoris\u00e9e du site ou de l\u2019un quelconque des \u00e9l\u00e9ments qu\u2019il contient sera consid\u00e9r\u00e9e comme constitutive d\u2019une contrefa\u00e7on et poursuivie conform\u00e9ment aux dispositions des articles L.335-2 et suivants du Code de Propri\u00e9t\u00e9 Intellectuelle.<\/p>\n<p>Le fait pour l\u2019\u00e9diteur de ne pas engager de proc\u00e9dure d\u00e8s la prise de connaissance de d\u2019utilisations non autoris\u00e9es ne vaut pas acceptation desdites utilisation et renonciation aux poursuites.<\/p>\n<ol start=\"6\">\n<li>\n<h5><b><u>Limitations de responsabilit\u00e9.<\/u><\/b><br><\/h5>\n<\/li>\n<\/ol>\n<p>SmartPixels ne pourra \u00eatre tenue responsable :<\/p>\n<p><br><\/p>\n<p>des dommages directs et indirects caus\u00e9s au mat\u00e9riel de l\u2019utilisateur, lors de l\u2019acc\u00e8s de tout ou partie site www.smartpixels.fr, et r\u00e9sultant soit de l\u2019utilisation d\u2019un mat\u00e9riel ne r\u00e9pondant pas aux sp\u00e9cifications indiqu\u00e9es au point 4, soit de l\u2019apparition d\u2019un bug ou d\u2019une incompatibilit\u00e9. <br><br><\/p>\n<p>Des dommages indirects (tels par exemple qu\u2019une perte de march\u00e9 ou perte d\u2019une chance) cons\u00e9cutifs \u00e0 l\u2019utilisation du site smartpixels.fr. <br><br><\/p>\n<p>du non-respect par l\u2019utilisateur des pr\u00e9sentes conditions d\u2019utilisation. <br><br><\/p>\n<p>Des espaces interactifs (possibilit\u00e9 de poser des questions dans l\u2019espace contact) sont \u00e0 la disposition des utilisateurs. SmartPixels se r\u00e9serve le droit de supprimer, sans mise en demeure pr\u00e9alable, tout contenu d\u00e9pos\u00e9 dans cet espace qui contreviendrait \u00e0 la l\u00e9gislation applicable en France, en particulier aux dispositions relatives \u00e0 la protection des donn\u00e9es. Le cas \u00e9ch\u00e9ant, SmartPixels se r\u00e9serve \u00e9galement la possibilit\u00e9 de mettre en cause la responsabilit\u00e9 civile et\/ou p\u00e9nale de l\u2019utilisateur, notamment en cas de message \u00e0 caract\u00e8re raciste, injurieux, diffamant, ou pornographique, quel que soit le support utilis\u00e9 (texte, photographie\u2026). <br><br><\/p>\n<ol start=\"7\">\n<li>\n<h5><b><u>Gestion des donn\u00e9es personnelles.<\/u><\/b><br><\/h5>\n<\/li>\n<\/ol>\n<p>En France, les donn\u00e9es personnelles sont notamment prot\u00e9g\u00e9es par :<\/p>\n<p><br><\/p>\n<p>\u2013 La loi n\u00b0 78-87 du 6 janvier 1978, notamment modifi\u00e9e par la loi n\u00b0 2004-801 du 6 ao\u00fbt 2004 relative \u00e0 l\u2019informatique, aux fichiers et aux libert\u00e9s<\/p>\n<p>\u2013 L\u2019article L. 226-13 du Code p\u00e9nal et la Directive Europ\u00e9enne du 24 octobre 1995,<\/p>\n<p>\u2013 La loi n\u00b0 2004-575 du 21 juin 2004 pour la confiance dans l\u2019\u00e9conomie num\u00e9rique.<\/p>\n<p><br><\/p>\n<p><b><u>Collecte des donn\u00e9es personnelles<\/u><\/b><br><\/p>\n<p>A l\u2019occasion de l\u2019utilisation du site www.smartpixels.fr, des donn\u00e9es personnelles peuvent \u00eatre recueillies, notamment : l\u2019URL des liens par l\u2019interm\u00e9diaire desquels l\u2019utilisateur a acc\u00e9d\u00e9 au site www.smartpixels.fr, le fournisseur d\u2019acc\u00e8s de l\u2019utilisateur, l\u2019adresse de protocole Internet (IP) de l\u2019utilisateur.<\/p>\n<p><br><\/p>\n<p>Des informations personnelles relatives \u00e0 l\u2019utilisateur peuvent \u00eatre utilis\u00e9es uniquement pour le besoin de certains services propos\u00e9s par le site www.smartpixels.fr. L\u2019utilisateur fournit ces informations en toute connaissance de cause, notamment lorsqu\u2019il proc\u00e8de par lui-m\u00eame \u00e0 leur saisie. Il est alors pr\u00e9cis\u00e9 \u00e0 l\u2019utilisateur du site www.smartpixels.fr l\u2019obligation ou non de fournir ces informations.<\/p>\n<p><br><\/p>\n<p>Les informations personnelles pouvant \u00eatre recueillies sur le site sont :<\/p>\n<p>\u2013 Nom et pr\u00e9nom<\/p>\n<p>\u2013 Adresse mail<\/p>\n<p>\u2013 Num\u00e9ro de t\u00e9l\u00e9phone<\/p>\n<p>\u2013 Poste et entreprise<\/p>\n<p>Ces donn\u00e9es peuvent \u00eatre trait\u00e9es par l\u2019\u00e9diteur pour les finalit\u00e9s suivantes :<\/p>\n<p>\u2013 des op\u00e9rations de prospection<\/p>\n<p>\u2013 la gestion des relations commerciales avec l\u2019utilisateur<\/p>\n<p>\u2013 \u00e0 des fins de statistiques commerciales<\/p>\n<p>\u2013 ou encore pour la gestion des demandes de droit d\u2019acc\u00e8s, de rectification ou d\u2019opposition.<\/p>\n<p><br><\/p>\n<p>A data protection officer is available for any question relating to the protection of personal data at the following address: <span \n                data-original-string='5uf+a6ULVXW7nDZYa+Cisw==430THXm4x\/2JRc3fWiVIOUPxDX5QTlckaur2XYeQzBS6Pw='\n                class='apbct-email-encoder'\n                title='This contact has been encoded by Anti-Spam by CleanTalk. Click to decode. To finish the decoding make sure that JavaScript is enabled in your browser.'>dp<span class=\"apbct-blur\">*<\/span>@<span class=\"apbct-blur\">*********<\/span>ls.fr<\/span><\/p>\n<p><br><\/p>\n<p><b><u>Stockage et conservation des donn\u00e9es personnelles<\/u><\/b><\/p>\n<p>Les donn\u00e9es sont conserv\u00e9es et utilis\u00e9es pour une dur\u00e9e conforme \u00e0 la l\u00e9gislation en vigueur.<\/p>\n<p>Les donn\u00e9es sont stock\u00e9es via des moyens s\u00e9curis\u00e9s.<\/p>\n<div><br><\/div>\n<p><b><u>Communication des donn\u00e9es personnelles \u00e0 des tiers<\/u><\/b><br><\/p>\n<p>Aucune information personnelle de l\u2019utilisateur du site www.smartpixels.fr n\u2019est publi\u00e9e \u00e0 l\u2019insu de l\u2019utilisateur, \u00e9chang\u00e9e, transf\u00e9r\u00e9e, c\u00e9d\u00e9e ou vendue sur un support quelconque \u00e0 des tiers. Seule l\u2019hypoth\u00e8se du rachat de SmartPixels et de ses droits permettrait la transmission des dites informations \u00e0 l\u2019\u00e9ventuel acqu\u00e9reur qui serait \u00e0 son tour tenu de la m\u00eame obligation de conservation et de modification des donn\u00e9es vis \u00e0 vis de l\u2019utilisateur du site www.smartpixels.fr.<\/p>\n<div><br><\/div>\n<p><b><u>Transfert de donn\u00e9es personnelles<\/u><\/b><br><\/p>\n<p>Aucun transfert de donn\u00e9e personnelles des utilisateurs du site internet www.smartpixels.fr en dehors de l\u2019union europ\u00e9enne n\u2019est effectu\u00e9.<br><\/p>\n<p><br><\/p>\n<p><b><u>Exercice des droits :<\/u><\/b><br><\/p>\n<p>Conform\u00e9ment aux dispositions des articles 38 et suivants de la loi 78-17 du 6 janvier 1978 relative \u00e0 l\u2019informatique, aux fichiers et aux libert\u00e9s, tout utilisateur dispose d\u2019un droit d\u2019acc\u00e8s, de rectification et d\u2019opposition aux donn\u00e9es personnelles le concernant, en effectuant sa demande \u00e9crite et sign\u00e9e, accompagn\u00e9e d\u2019une copie du titre d\u2019identit\u00e9 avec signature du titulaire de la pi\u00e8ce, en pr\u00e9cisant l\u2019adresse \u00e0 laquelle la r\u00e9ponse doit \u00eatre envoy\u00e9e.<\/p>\n<p><br><\/p>\n<p>&nbsp; &nbsp; &nbsp; &nbsp; &nbsp; &nbsp; &nbsp; &nbsp; L\u2019utilisateur peut exercer ces droits via les moyens suivants :<\/p>\n<p><br><\/p>\n<p>Courrier postale \u00e0 l\u2019adresse<\/p>\n<p>DPO SmartPixels<\/p>\n<p>32 boulevard de Strasbourg<\/p>\n<p><br><\/p>\n<p>75012 Paris<\/p>\n<p><br><\/p>\n<p>by mail to the following address: <span \n                data-original-string='61tNTdk3d52s0ksEqEfqdQ==430btn9w8jEfUnJNjcEh\/fe889G15Sk5Y4yj0hoUqd3RWM='\n                class='apbct-email-encoder'\n                title='This contact has been encoded by Anti-Spam by CleanTalk. Click to decode. To finish the decoding make sure that JavaScript is enabled in your browser.'>dp<span class=\"apbct-blur\">*<\/span>@<span class=\"apbct-blur\">*********<\/span>ls.fr<\/span><\/p>\n<p>Les bases de donn\u00e9es sont prot\u00e9g\u00e9es par les dispositions de la loi du 1er juillet 1998 transposant la directive 96\/9 du 11 mars 1996 relative \u00e0 la protection juridique des bases de donn\u00e9es.<\/p>\n<ol start=\"8\">\n<li>\n<h5><b><u>Liens hypertextes et cookies.<\/u><\/b><br><\/h5>\n<\/li>\n<\/ol>\n<p>Le site www.smartpixels.fr contient un certain nombre de liens hypertextes vers d\u2019autres sites, mis en place avec l\u2019autorisation de SmartPixels. Cependant, SmartPixels n\u2019a pas la possibilit\u00e9 de v\u00e9rifier le contenu des sites ainsi visit\u00e9s, et n\u2019assumera en cons\u00e9quence aucune responsabilit\u00e9 de ce fait.<\/p>\n<p><span style=\"font-size: 13px; font-weight: 300;\">La navigation sur le site www.smartpixels.fr est susceptible de provoquer l\u2019installation de cookie(s) sur l\u2019ordinateur de l\u2019utilisateur.<\/span><br><\/p>\n<p><br><\/p>\n<p><b><u>What is a &#8220;cookie&#8221;?<\/u><\/b><br><\/p>\n<p>A &#8220;cookie&#8221; or tracer is an electronic file deposited on a terminal (computer, tablet, smartphone, &#8230;) and read for example when consulting a website, reading an email, installing or using a software or a mobile application and this regardless of the type of terminal used. (source : https:\/\/www.cnil.fr\/fr\/cookies-traceurs-que-dit-la-loi )<\/p>\n<p>&nbsp;When browsing the site www.smartpixels.fr, &#8220;cookies&#8221; from the company responsible for the site concerned and\/or third-party companies may be deposited on your terminal.<\/p>\n<p>During the first navigation of the site www.smartpixels.fr, a banner explaining the use of &#8220;cookies&#8221; will appear. From then on, by continuing the navigation, the customer and\/or prospect will be considered to have been informed and to have accepted the use of said &#8220;cookies&#8221;. The consent given will be valid for a period of thirteen (13) months.<\/p>\n<p>Refusal to install a cookie may make it impossible to access certain services.<\/p>\n<p><br><\/p>\n<p><b><u>Qu\u2019est-ce qu\u2019un \u00ab cookie \u00bb ?<\/u><\/b><br><\/p>\n<p>Un \u00ab Cookie \u00bb ou traceur est un fichier \u00e9lectronique d\u00e9pos\u00e9 sur un terminal (ordinateur, tablette, smartphone,\u2026) et lu par exemple lors de la consultation d\u2019un site internet, de la lecture d\u2019un courrier \u00e9lectronique, de l\u2019installation ou de l\u2019utilisation d\u2019un logiciel ou d\u2019une application mobile et ce quel que soit le type de terminal utilis\u00e9. (source : https:\/\/www.cnil.fr\/fr\/cookies-traceurs-que-dit-la-loi )\n<br><br>\nEn navigant sur le site www.smartpixels.fr des \u00ab cookies \u00bb \u00e9manant de la soci\u00e9t\u00e9 responsable du site concern\u00e9 et\/ou des soci\u00e9t\u00e9s tiers pourront \u00eatre d\u00e9pos\u00e9s sur votre terminal.\n\n Lors de la premi\u00e8re navigation le site www.smartpixels.fr, une banni\u00e8re explicative sur l\u2019utilisation des \u00ab cookies \u00bb apparaitra. D\u00e8s lors, en poursuivant la navigation, le client et\/ou prospect sera r\u00e9put\u00e9 inform\u00e9 et avoir accept\u00e9 l\u2019utilisation desdits \u00ab cookies \u00bb. Le consentement donn\u00e9 sera valable pour une p\u00e9riode de treize (13) mois.\n\nLe refus d\u2019installation d\u2019un cookie peut entra\u00eener l\u2019impossibilit\u00e9 d\u2019acc\u00e9der \u00e0 certains services.<br><\/p>\n<p><br><\/p>\n<p><b><u>Quels sont les cookies pr\u00e9sents sur le site www.smartpixels.fr ?<\/u><\/b><\/p>\n<div><br><\/div>\n<p>Google anaytics : permets de mesurer l\u2019audience du site<\/p>\n<ol start=\"9\">\n<li><b><u>Droit applicable et attribution de juridiction.<\/u><\/b><br><\/li>\n<\/ol>\n<p><b>Les pr\u00e9sentes mentions l\u00e9gales et tout litige en relation avec l\u2019utilisation du site www.smartpixels.fr est soumis au droit fran\u00e7ais. Il est fait attribution exclusive de juridiction aux tribunaux comp\u00e9tents du si\u00e8ge social de l\u2019\u00e9diteur (Paris).<\/b><br><\/p>\n<ol start=\"10\">\n<li><b><u>Les principales lois concern\u00e9es.<\/u><\/b><br><\/li>\n<\/ol>\n<ul>\n<li>\n<\/li>\n<li>La loi n\u00b0 78-87 du 6 janvier 1978, notamment modifi\u00e9e par la loi n\u00b0 2004-801 du 6 ao\u00fbt 2004 relative \u00e0 l\u2019informatique, aux fichiers et aux libert\u00e9s<\/li>\n<li>L\u2019article L. 226-13 du Code p\u00e9nal et la Directive Europ\u00e9enne du 24 octobre 1995,<\/li>\n<li>La loi n\u00b0 2004-575 du 21 juin 2004 pour la confiance dans l\u2019\u00e9conomie num\u00e9rique.<\/li>\n<\/ul>\n<ol start=\"11\">\n<li><b><u>Lexique.<\/u><\/b><br><\/li>\n<\/ol>\n<p><b><i>Utilisateur : Internaute se connectant, utilisant le site susnomm\u00e9.<\/i><\/b><\/p>\n<p><b><i><br><\/i><\/b><\/p>\n<p><b><i>Informations personnelles : \u00ab les informations qui permettent, sous quelque forme que ce soit, directement ou non, l\u2019identification des personnes physiques auxquelles elles s\u2019appliquent \u00bb (article 4 de la loi n\u00b0 78-17 du 6 janvier 1978).<\/i><\/b><\/p>\n<ol start=\"12\">\n<li><b><u>Contactez nous<\/u><\/b><br><\/li>\n<\/ol>\n<p>For any question or information on the products presented on the site, or concerning the site itself, you can leave a message at the following address: <span \n                data-original-string='kShs7k3jPXBWCrofaMYBdg==430bbqp6suxwQNKHNVSusW7t5JeTy2QjfPRbxVV1GrE6M4='\n                class='apbct-email-encoder'\n                title='This contact has been encoded by Anti-Spam by CleanTalk. Click to decode. To finish the decoding make sure that JavaScript is enabled in your browser.'>co<span class=\"apbct-blur\">*****<\/span>@<span class=\"apbct-blur\">*********<\/span>ls.fr<\/span><\/p>\t\t\t\t\t\t\t\t<\/div>\n\t\t\t\t<\/div>\n\t\t\t\t\t<\/div>\n\t\t<\/div>\n\t\t\t\t\t<\/div>\n\t\t<\/section>\n\t\t\t\t<\/div>","protected":false},"excerpt":{"rendered":"<p>Legal Notice and Privacy Policy&nbsp; The SmartPixels company, concerned about the rights of individuals and in a desire for transparency with its customers, has established a policy covering all these treatments, the purposes pursued by them and the means of action available to individuals so that they can best exercise their rights. For any additional [&hellip;]<\/p>\n","protected":false},"author":2,"featured_media":0,"parent":0,"menu_order":0,"comment_status":"closed","ping_status":"open","template":"","meta":{"footnotes":""},"class_list":["post-7190","page","type-page","status-publish","hentry"],"jetpack_sharing_enabled":true,"_links":{"self":[{"href":"https:\/\/www.smartpixels.fr\/fr\/wp-json\/wp\/v2\/pages\/7190","targetHints":{"allow":["GET"]}}],"collection":[{"href":"https:\/\/www.smartpixels.fr\/fr\/wp-json\/wp\/v2\/pages"}],"about":[{"href":"https:\/\/www.smartpixels.fr\/fr\/wp-json\/wp\/v2\/types\/page"}],"author":[{"embeddable":true,"href":"https:\/\/www.smartpixels.fr\/fr\/wp-json\/wp\/v2\/users\/2"}],"replies":[{"embeddable":true,"href":"https:\/\/www.smartpixels.fr\/fr\/wp-json\/wp\/v2\/comments?post=7190"}],"version-history":[{"count":17,"href":"https:\/\/www.smartpixels.fr\/fr\/wp-json\/wp\/v2\/pages\/7190\/revisions"}],"predecessor-version":[{"id":21880,"href":"https:\/\/www.smartpixels.fr\/fr\/wp-json\/wp\/v2\/pages\/7190\/revisions\/21880"}],"wp:attachment":[{"href":"https:\/\/www.smartpixels.fr\/fr\/wp-json\/wp\/v2\/media?parent=7190"}],"curies":[{"name":"wp","href":"https:\/\/api.w.org\/{rel}","templated":true}]}}