{"id":8277,"date":"2021-06-17T10:03:48","date_gmt":"2021-06-17T08:03:48","guid":{"rendered":"https:\/\/www.smartpixels.fr\/?page_id=8277"},"modified":"2023-07-26T09:47:32","modified_gmt":"2023-07-26T07:47:32","slug":"stage-marketing-et-communication","status":"publish","type":"page","link":"https:\/\/www.smartpixels.fr\/fr\/stage-marketing-et-communication\/","title":{"rendered":"Stage Marketing &#038; Communication (F\/M) &#8211; 4\/6 mois"},"content":{"rendered":"<div data-elementor-type=\"wp-page\" data-elementor-id=\"8277\" class=\"elementor elementor-8277\" data-elementor-post-type=\"page\">\n\t\t\t\t\t\t<section class=\"elementor-section elementor-top-section elementor-element elementor-element-349d7c5 elementor-section-boxed elementor-section-height-default elementor-section-height-default\" data-id=\"349d7c5\" data-element_type=\"section\" data-e-type=\"section\">\n\t\t\t\t\t\t<div class=\"elementor-container elementor-column-gap-default\">\n\t\t\t\t\t<div class=\"elementor-column elementor-col-100 elementor-top-column elementor-element elementor-element-8f549c9\" data-id=\"8f549c9\" data-element_type=\"column\" data-e-type=\"column\">\n\t\t\t<div class=\"elementor-widget-wrap elementor-element-populated\">\n\t\t\t\t\t\t<div class=\"elementor-element elementor-element-f2aaea9 elementor-widget elementor-widget-heading\" data-id=\"f2aaea9\" data-element_type=\"widget\" data-e-type=\"widget\" data-widget_type=\"heading.default\">\n\t\t\t\t<div class=\"elementor-widget-container\">\n\t\t\t\t\t<h1 class=\"elementor-heading-title elementor-size-default\">STAGE MARKETING &amp; COMMUNICATION<br><br> ( 4 \u00e0 6 mois )<\/h1>\t\t\t\t<\/div>\n\t\t\t\t<\/div>\n\t\t\t\t<div class=\"elementor-element elementor-element-9f4509c elementor-widget-divider--view-line elementor-widget elementor-widget-divider\" data-id=\"9f4509c\" data-element_type=\"widget\" data-e-type=\"widget\" data-widget_type=\"divider.default\">\n\t\t\t\t<div class=\"elementor-widget-container\">\n\t\t\t\t\t\t\t<div class=\"elementor-divider\">\n\t\t\t<span class=\"elementor-divider-separator\">\n\t\t\t\t\t\t<\/span>\n\t\t<\/div>\n\t\t\t\t\t\t<\/div>\n\t\t\t\t<\/div>\n\t\t\t\t\t<\/div>\n\t\t<\/div>\n\t\t\t\t\t<\/div>\n\t\t<\/section>\n\t\t\t\t<section class=\"elementor-section elementor-top-section elementor-element elementor-element-6da29e1 elementor-section-full_width elementor-section-stretched elementor-section-height-default elementor-section-height-default\" data-id=\"6da29e1\" data-element_type=\"section\" data-e-type=\"section\" data-settings=\"{&quot;stretch_section&quot;:&quot;section-stretched&quot;}\">\n\t\t\t\t\t\t<div class=\"elementor-container elementor-column-gap-default\">\n\t\t\t\t\t<div class=\"elementor-column elementor-col-100 elementor-top-column elementor-element elementor-element-5cbcdfb\" data-id=\"5cbcdfb\" data-element_type=\"column\" data-e-type=\"column\">\n\t\t\t<div class=\"elementor-widget-wrap elementor-element-populated\">\n\t\t\t\t\t\t<div class=\"elementor-element elementor-element-e1004ca elementor-widget elementor-widget-spacer\" data-id=\"e1004ca\" data-element_type=\"widget\" data-e-type=\"widget\" data-widget_type=\"spacer.default\">\n\t\t\t\t<div class=\"elementor-widget-container\">\n\t\t\t\t\t\t\t<div class=\"elementor-spacer\">\n\t\t\t<div class=\"elementor-spacer-inner\"><\/div>\n\t\t<\/div>\n\t\t\t\t\t\t<\/div>\n\t\t\t\t<\/div>\n\t\t\t\t<div class=\"elementor-element elementor-element-bdbe785 elementor-widget elementor-widget-image\" data-id=\"bdbe785\" data-element_type=\"widget\" data-e-type=\"widget\" data-widget_type=\"image.default\">\n\t\t\t\t<div class=\"elementor-widget-container\">\n\t\t\t\t\t\t\t\t\t\t\t\t\t\t\t<img decoding=\"async\" src=\"https:\/\/www.smartpixels.fr\/wp-content\/uploads\/2021\/11\/gucci-conf-on-screen-1-1463x560.jpg\" title=\"gucci conf on screen\" alt=\"gucci conf on screen\" loading=\"lazy\" \/>\t\t\t\t\t\t\t\t\t\t\t\t\t\t\t<\/div>\n\t\t\t\t<\/div>\n\t\t\t\t<div class=\"elementor-element elementor-element-0d9e47a elementor-widget elementor-widget-spacer\" data-id=\"0d9e47a\" data-element_type=\"widget\" data-e-type=\"widget\" data-widget_type=\"spacer.default\">\n\t\t\t\t<div class=\"elementor-widget-container\">\n\t\t\t\t\t\t\t<div class=\"elementor-spacer\">\n\t\t\t<div class=\"elementor-spacer-inner\"><\/div>\n\t\t<\/div>\n\t\t\t\t\t\t<\/div>\n\t\t\t\t<\/div>\n\t\t\t\t\t<\/div>\n\t\t<\/div>\n\t\t\t\t\t<\/div>\n\t\t<\/section>\n\t\t\t\t<section class=\"elementor-section elementor-top-section elementor-element elementor-element-64a1d11 elementor-section-boxed elementor-section-height-default elementor-section-height-default\" data-id=\"64a1d11\" data-element_type=\"section\" data-e-type=\"section\">\n\t\t\t\t\t\t<div class=\"elementor-container elementor-column-gap-default\">\n\t\t\t\t\t<div class=\"elementor-column elementor-col-100 elementor-top-column elementor-element elementor-element-2c73b2d\" data-id=\"2c73b2d\" data-element_type=\"column\" data-e-type=\"column\">\n\t\t\t<div class=\"elementor-widget-wrap elementor-element-populated\">\n\t\t\t\t\t\t<div class=\"elementor-element elementor-element-a52c63d elementor-widget elementor-widget-heading\" data-id=\"a52c63d\" data-element_type=\"widget\" data-e-type=\"widget\" data-widget_type=\"heading.default\">\n\t\t\t\t<div class=\"elementor-widget-container\">\n\t\t\t\t\t<h2 class=\"elementor-heading-title elementor-size-default\">Qui sommes-nous ?<\/h2>\t\t\t\t<\/div>\n\t\t\t\t<\/div>\n\t\t\t\t<div class=\"elementor-element elementor-element-aaeed84 elementor-widget elementor-widget-spacer\" data-id=\"aaeed84\" data-element_type=\"widget\" data-e-type=\"widget\" data-widget_type=\"spacer.default\">\n\t\t\t\t<div class=\"elementor-widget-container\">\n\t\t\t\t\t\t\t<div class=\"elementor-spacer\">\n\t\t\t<div class=\"elementor-spacer-inner\"><\/div>\n\t\t<\/div>\n\t\t\t\t\t\t<\/div>\n\t\t\t\t<\/div>\n\t\t\t\t<div class=\"elementor-element elementor-element-97b65b3 elementor-widget elementor-widget-text-editor\" data-id=\"97b65b3\" data-element_type=\"widget\" data-e-type=\"widget\" data-widget_type=\"text-editor.default\">\n\t\t\t\t<div class=\"elementor-widget-container\">\n\t\t\t\t\t\t\t\t\t<h6>Cr\u00e9\u00e9 en 2015, SmartPixels propose des solutions 3D innovantes pour les acteurs majeurs du monde du luxe et du retail (Gucci, Valentino, Dior, Berluti, Nike, Guerlain, Chanel, Chlo\u00e9, Swatch, Adidas\u2026). Reconnu pour son savoir-faire dans la production d\u2019images photor\u00e9alistes en 3D de produits d\u2019exception (maroquinerie, cuir exotique, joaillerie..), SmartPixels aide ses clients \u00e0 cr\u00e9er des exp\u00e9riences clients uniques, en ligne ou en boutique, en cr\u00e9ant pour eux :<\/h6>\n<p><\/p>\n<h6>\u2022<strong> Des visuels 3D photor\u00e9alistes de leurs produits<\/strong> (sacs, chaussures, pr\u00eat \u00e0 porter, ..) o\u00f9 chaque attribut est modifiable \u00e0 tout moment.&nbsp;<\/h6>\n<h6>\u2022 <strong>Un outil de configuration<\/strong> permettant de d\u00e9cliner l&#8217;apparence des produits (coupes, couleurs, mati\u00e8res) jusqu&#8217;au moindre d\u00e9tail. De ce fait, notre plateforme de rendu 3D permet la cr\u00e9ation d&#8217;une infinit\u00e9 de visuels produits en quelques clics.<\/h6>\n<h6>\u2022 <strong>Des exp\u00e9riences clients interactives en boutique, ou en ligne (sites e-commerce, les r\u00e9seaux sociaux&#8230;)<\/strong> qui stimulent ainsi l&#8217;engagement de la marque et les taux de conversion.<\/h6>\t\t\t\t\t\t\t\t<\/div>\n\t\t\t\t<\/div>\n\t\t\t\t<div class=\"elementor-element elementor-element-e03783b elementor-widget elementor-widget-spacer\" data-id=\"e03783b\" data-element_type=\"widget\" data-e-type=\"widget\" data-widget_type=\"spacer.default\">\n\t\t\t\t<div class=\"elementor-widget-container\">\n\t\t\t\t\t\t\t<div class=\"elementor-spacer\">\n\t\t\t<div class=\"elementor-spacer-inner\"><\/div>\n\t\t<\/div>\n\t\t\t\t\t\t<\/div>\n\t\t\t\t<\/div>\n\t\t\t\t\t<\/div>\n\t\t<\/div>\n\t\t\t\t\t<\/div>\n\t\t<\/section>\n\t\t\t\t<section class=\"elementor-section elementor-top-section elementor-element elementor-element-a169899 elementor-section-boxed elementor-section-height-default elementor-section-height-default\" data-id=\"a169899\" data-element_type=\"section\" data-e-type=\"section\">\n\t\t\t\t\t\t<div class=\"elementor-container elementor-column-gap-default\">\n\t\t\t\t\t<div class=\"elementor-column elementor-col-100 elementor-top-column elementor-element elementor-element-9710bfd\" data-id=\"9710bfd\" data-element_type=\"column\" data-e-type=\"column\">\n\t\t\t<div class=\"elementor-widget-wrap elementor-element-populated\">\n\t\t\t\t\t\t<div class=\"elementor-element elementor-element-0ffc4a7 elementor-widget elementor-widget-heading\" data-id=\"0ffc4a7\" data-element_type=\"widget\" data-e-type=\"widget\" data-widget_type=\"heading.default\">\n\t\t\t\t<div class=\"elementor-widget-container\">\n\t\t\t\t\t<h2 class=\"elementor-heading-title elementor-size-default\">Missions du poste :<\/h2>\t\t\t\t<\/div>\n\t\t\t\t<\/div>\n\t\t\t\t<div class=\"elementor-element elementor-element-334f45d elementor-widget elementor-widget-spacer\" data-id=\"334f45d\" data-element_type=\"widget\" data-e-type=\"widget\" data-widget_type=\"spacer.default\">\n\t\t\t\t<div class=\"elementor-widget-container\">\n\t\t\t\t\t\t\t<div class=\"elementor-spacer\">\n\t\t\t<div class=\"elementor-spacer-inner\"><\/div>\n\t\t<\/div>\n\t\t\t\t\t\t<\/div>\n\t\t\t\t<\/div>\n\t\t\t\t<div class=\"elementor-element elementor-element-d4414c5 elementor-widget elementor-widget-text-editor\" data-id=\"d4414c5\" data-element_type=\"widget\" data-e-type=\"widget\" data-widget_type=\"text-editor.default\">\n\t\t\t\t<div class=\"elementor-widget-container\">\n\t\t\t\t\t\t\t\t\t<h6>Directement rattach\u00e9(e) \u00e0 la Responsable Marketing, tu auras pour mission de contribuer \u00e0 renforcer l\u2019image de marque de SmartPixels, et d\u2019augmenter sa notori\u00e9t\u00e9 aupr\u00e8s des acteurs du luxe.<\/h6><h6>\u00a0<\/h6><h6>Tes missions principales seront les suivantes :<\/h6>\t\t\t\t\t\t\t\t<\/div>\n\t\t\t\t<\/div>\n\t\t\t\t<div class=\"elementor-element elementor-element-5aa5b3b elementor-widget elementor-widget-spacer\" data-id=\"5aa5b3b\" data-element_type=\"widget\" data-e-type=\"widget\" data-widget_type=\"spacer.default\">\n\t\t\t\t<div class=\"elementor-widget-container\">\n\t\t\t\t\t\t\t<div class=\"elementor-spacer\">\n\t\t\t<div class=\"elementor-spacer-inner\"><\/div>\n\t\t<\/div>\n\t\t\t\t\t\t<\/div>\n\t\t\t\t<\/div>\n\t\t\t\t<div class=\"elementor-element elementor-element-15a5427 elementor-widget elementor-widget-text-editor\" data-id=\"15a5427\" data-element_type=\"widget\" data-e-type=\"widget\" data-widget_type=\"text-editor.default\">\n\t\t\t\t<div class=\"elementor-widget-container\">\n\t\t\t\t\t\t\t\t\t<h6><b>\u2022 Cr\u00e9ation de contenu : <\/b>contribuer \u00e0 la production de contenus qualitatifs (articles de blogs, livres blancs\u2026) en fran\u00e7ais et en anglais avec une logique ROIste et inbound marketing (acquisition de trafic organique qualifi\u00e9, SEO\u2026)<\/h6><h6><b>\u00a0<\/b><\/h6><h6><b>\u2022\u00a0Community management : <\/b>veille, animation et d\u00e9veloppement des communaut\u00e9s sur les r\u00e9seaux sociaux : LinkedIn, Facebook, Instagram, Tik Tok,\u2026<\/h6><h6><b>\u00a0<\/b><\/h6><h6><b>\u2022\u00a0Communication interne et externe : <\/b>aide \u00e0 la r\u00e9alisation du plan de communication, alimentation des supports de communication (newsletters interne et externe, webinar, business case &#8230;).<\/h6><h6><b>\u00a0<\/b><\/h6><h6><b>\u2022\u00a0Ev\u00e8nementiel : <\/b>veille, organisation et participation aux salons et \u00e9v\u00e8nements professionnels li\u00e9s aux probl\u00e9matiques de SmartPixels (mode &amp; luxe, e-commerce, retail, technologie 3D, .. )<\/h6><h6><b>\u00a0<\/b><\/h6><h6><b>\u2022\u00a0Suivi des KPIs : <\/b>analyser les performances de vos actions (reporting mensuel sur les r\u00e9seaux sociaux, le site web via Google Analytics, nos campagnes Google Ads\u2026)<\/h6><h6><b>\u00a0<\/b><\/h6><h6><b>\u2022\u00a0Veilles <\/b>concurrentielle, technologique et sectorielle<\/h6>\t\t\t\t\t\t\t\t<\/div>\n\t\t\t\t<\/div>\n\t\t\t\t<div class=\"elementor-element elementor-element-b527f6a elementor-widget elementor-widget-spacer\" data-id=\"b527f6a\" data-element_type=\"widget\" data-e-type=\"widget\" data-widget_type=\"spacer.default\">\n\t\t\t\t<div class=\"elementor-widget-container\">\n\t\t\t\t\t\t\t<div class=\"elementor-spacer\">\n\t\t\t<div class=\"elementor-spacer-inner\"><\/div>\n\t\t<\/div>\n\t\t\t\t\t\t<\/div>\n\t\t\t\t<\/div>\n\t\t\t\t\t<\/div>\n\t\t<\/div>\n\t\t\t\t\t<\/div>\n\t\t<\/section>\n\t\t\t\t<section class=\"elementor-section elementor-top-section elementor-element elementor-element-8cb3798 elementor-section-boxed elementor-section-height-default elementor-section-height-default\" data-id=\"8cb3798\" data-element_type=\"section\" data-e-type=\"section\">\n\t\t\t\t\t\t<div class=\"elementor-container elementor-column-gap-default\">\n\t\t\t\t\t<div class=\"elementor-column elementor-col-100 elementor-top-column elementor-element elementor-element-c0f2b76\" data-id=\"c0f2b76\" data-element_type=\"column\" data-e-type=\"column\">\n\t\t\t<div class=\"elementor-widget-wrap elementor-element-populated\">\n\t\t\t\t\t\t<div class=\"elementor-element elementor-element-89c20b8 elementor-widget elementor-widget-heading\" data-id=\"89c20b8\" data-element_type=\"widget\" data-e-type=\"widget\" data-widget_type=\"heading.default\">\n\t\t\t\t<div class=\"elementor-widget-container\">\n\t\t\t\t\t<h2 class=\"elementor-heading-title elementor-size-default\">Profil et comp\u00e9tences recherch\u00e9es : <\/h2>\t\t\t\t<\/div>\n\t\t\t\t<\/div>\n\t\t\t\t<div class=\"elementor-element elementor-element-003c4a9 elementor-widget elementor-widget-spacer\" data-id=\"003c4a9\" data-element_type=\"widget\" data-e-type=\"widget\" data-widget_type=\"spacer.default\">\n\t\t\t\t<div class=\"elementor-widget-container\">\n\t\t\t\t\t\t\t<div class=\"elementor-spacer\">\n\t\t\t<div class=\"elementor-spacer-inner\"><\/div>\n\t\t<\/div>\n\t\t\t\t\t\t<\/div>\n\t\t\t\t<\/div>\n\t\t\t\t<div class=\"elementor-element elementor-element-ca55048 elementor-widget elementor-widget-text-editor\" data-id=\"ca55048\" data-element_type=\"widget\" data-e-type=\"widget\" data-widget_type=\"text-editor.default\">\n\t\t\t\t<div class=\"elementor-widget-container\">\n\t\t\t\t\t\t\t\t\t<h6><b>Comp\u00e9tences requises :<\/b><\/h6>\n<h6><\/h6>\n<h6>\u2022 Excellent niveau d\u2019anglais \u00e9crit et parl\u00e9. La maitrise de l\u2019italien est un plus.<\/h6>\n<h6><\/h6>\n<h6>\u2022 Excellentes qualit\u00e9s r\u00e9dactionnelles, et aisance avec les canaux de communication digitaux (site web, r\u00e9seaux sociaux, \u2026)<\/h6>\n<h6><\/h6>\n<h6>\u2022 Une 1\u00e8re exp\u00e9rience en marketing, SEO, r\u00e9daction et analyse web, ou community management seront appr\u00e9ci\u00e9s<\/h6> <br><br>\t\t\t\t\t\t\t\t<\/div>\n\t\t\t\t<\/div>\n\t\t\t\t<div class=\"elementor-element elementor-element-459aa11 elementor-widget elementor-widget-text-editor\" data-id=\"459aa11\" data-element_type=\"widget\" data-e-type=\"widget\" data-widget_type=\"text-editor.default\">\n\t\t\t\t<div class=\"elementor-widget-container\">\n\t\t\t\t\t\t\t\t\t<h6><b>Profil \/ Int\u00e9r\u00eat :<\/b><\/h6>\n<h6><\/h6>\n<h6>\u2022 Tu es \u00e9tudiant(e) (Bac+5), en formation Marketing\/Communication et tu recherches un stage de c\u00e9sure ou de fin d\u2019\u00e9tudes de 4 \u00e0 6 mois<\/h6>\n<h6><\/h6>\n<h6>\u2022 Tu es autonome, proactif et cr\u00e9atif, et tu ne crains pas les responsabilit\u00e9s<\/h6>\n<h6><\/h6>\n<h6>\u2022 Tu as de fortes app\u00e9tences pour le monde de la mode, du luxe et du design !<\/h6><br><br>\t\t\t\t\t\t\t\t<\/div>\n\t\t\t\t<\/div>\n\t\t\t\t<div class=\"elementor-element elementor-element-274a70c elementor-widget elementor-widget-spacer\" data-id=\"274a70c\" data-element_type=\"widget\" data-e-type=\"widget\" data-widget_type=\"spacer.default\">\n\t\t\t\t<div class=\"elementor-widget-container\">\n\t\t\t\t\t\t\t<div class=\"elementor-spacer\">\n\t\t\t<div class=\"elementor-spacer-inner\"><\/div>\n\t\t<\/div>\n\t\t\t\t\t\t<\/div>\n\t\t\t\t<\/div>\n\t\t\t\t\t<\/div>\n\t\t<\/div>\n\t\t\t\t\t<\/div>\n\t\t<\/section>\n\t\t\t\t<section class=\"elementor-section elementor-top-section elementor-element elementor-element-ba88421 elementor-section-boxed elementor-section-height-default elementor-section-height-default\" data-id=\"ba88421\" data-element_type=\"section\" data-e-type=\"section\">\n\t\t\t\t\t\t<div class=\"elementor-container elementor-column-gap-default\">\n\t\t\t\t\t<div class=\"elementor-column elementor-col-100 elementor-top-column elementor-element elementor-element-4fb7080\" data-id=\"4fb7080\" data-element_type=\"column\" data-e-type=\"column\">\n\t\t\t<div class=\"elementor-widget-wrap elementor-element-populated\">\n\t\t\t\t\t\t<div class=\"elementor-element elementor-element-7a98e11 elementor-widget elementor-widget-heading\" data-id=\"7a98e11\" data-element_type=\"widget\" data-e-type=\"widget\" data-widget_type=\"heading.default\">\n\t\t\t\t<div class=\"elementor-widget-container\">\n\t\t\t\t\t<h2 class=\"elementor-heading-title elementor-size-default\">Pourquoi nous rejoindre ?<\/h2>\t\t\t\t<\/div>\n\t\t\t\t<\/div>\n\t\t\t\t<div class=\"elementor-element elementor-element-78fffa9 elementor-widget elementor-widget-spacer\" data-id=\"78fffa9\" data-element_type=\"widget\" data-e-type=\"widget\" data-widget_type=\"spacer.default\">\n\t\t\t\t<div class=\"elementor-widget-container\">\n\t\t\t\t\t\t\t<div class=\"elementor-spacer\">\n\t\t\t<div class=\"elementor-spacer-inner\"><\/div>\n\t\t<\/div>\n\t\t\t\t\t\t<\/div>\n\t\t\t\t<\/div>\n\t\t\t\t<div class=\"elementor-element elementor-element-9a5444a elementor-widget elementor-widget-text-editor\" data-id=\"9a5444a\" data-element_type=\"widget\" data-e-type=\"widget\" data-widget_type=\"text-editor.default\">\n\t\t\t\t<div class=\"elementor-widget-container\">\n\t\t\t\t\t\t\t\t\t<h6><strong>\u2713 Une \u00e9quipe pluridisciplinaire (devs, graph, marketing, .. ), de 20 collaborateurs passionn\u00e9s par l\u2019innovation et les enjeux technologiques li\u00e9s \u00e0 la 3D<\/strong> toutes anim\u00e9es par le go\u00fbt du challenge.<\/h6><h6>\u00a0<\/h6><h6><strong>\u2713<\/strong> <strong>Une StartUp reconnue pour son expertise technique, et ses produits innovants.<\/strong> Depuis 7 ans, nous accompagnons les grandes marques dans leurs projets li\u00e9s \u00e0 la cr\u00e9ation des visuels produits, la digitalisation des catalogues produits, la construction des offres de personnalisation en ligne, la cr\u00e9ation d\u2019exp\u00e9riences interactives en magasin, &#8230; et d\u2019autres projets innovants pour le monde du retail.\u00a0<\/h6><h6>\u00a0<\/h6><h6><strong>\u2713<\/strong><span style=\"font-family: Helvetica, sans-serif; font-size: 18px; font-style: normal; font-variant-ligatures: normal; font-variant-caps: normal; font-weight: 400;\">\u00a0<\/span><span style=\"font-family: Helvetica, sans-serif; font-size: 18px; font-style: normal; font-variant-ligatures: normal; font-variant-caps: normal; font-weight: 400;\"><strong>Un environnement attractif<\/strong> : localisation intra-muros (M\u00e9tro Nation), des locaux lumineux, une grande terrasse (fleurie), tickets restaurant\/mutuelle, Navigo 100%, t\u00e9l\u00e9travail et remote-friendly!\u00a0<\/span><\/h6><h6>\u00a0<\/h6>\t\t\t\t\t\t\t\t<\/div>\n\t\t\t\t<\/div>\n\t\t\t\t\t<\/div>\n\t\t<\/div>\n\t\t\t\t\t<\/div>\n\t\t<\/section>\n\t\t\t\t<section class=\"elementor-section elementor-top-section elementor-element elementor-element-5d8954f elementor-section-boxed elementor-section-height-default elementor-section-height-default\" data-id=\"5d8954f\" data-element_type=\"section\" data-e-type=\"section\">\n\t\t\t\t\t\t<div class=\"elementor-container elementor-column-gap-default\">\n\t\t\t\t\t<div class=\"elementor-column elementor-col-100 elementor-top-column elementor-element elementor-element-700558b\" data-id=\"700558b\" data-element_type=\"column\" data-e-type=\"column\">\n\t\t\t<div class=\"elementor-widget-wrap elementor-element-populated\">\n\t\t\t\t\t\t<div class=\"elementor-element elementor-element-cfb36dc elementor-widget-divider--view-line elementor-widget elementor-widget-divider\" data-id=\"cfb36dc\" data-element_type=\"widget\" data-e-type=\"widget\" data-widget_type=\"divider.default\">\n\t\t\t\t<div class=\"elementor-widget-container\">\n\t\t\t\t\t\t\t<div class=\"elementor-divider\">\n\t\t\t<span class=\"elementor-divider-separator\">\n\t\t\t\t\t\t<\/span>\n\t\t<\/div>\n\t\t\t\t\t\t<\/div>\n\t\t\t\t<\/div>\n\t\t\t\t<div class=\"elementor-element elementor-element-3b54050 elementor-widget elementor-widget-heading\" data-id=\"3b54050\" data-element_type=\"widget\" data-e-type=\"widget\" data-widget_type=\"heading.default\">\n\t\t\t\t<div class=\"elementor-widget-container\">\n\t\t\t\t\t<h2 class=\"elementor-heading-title elementor-size-default\">Envoyez vos CVs \u00e0 l'adresse suivante : <\/h2>\t\t\t\t<\/div>\n\t\t\t\t<\/div>\n\t\t\t\t<div class=\"elementor-element elementor-element-849b66e elementor-widget elementor-widget-spacer\" data-id=\"849b66e\" data-element_type=\"widget\" data-e-type=\"widget\" data-widget_type=\"spacer.default\">\n\t\t\t\t<div class=\"elementor-widget-container\">\n\t\t\t\t\t\t\t<div class=\"elementor-spacer\">\n\t\t\t<div class=\"elementor-spacer-inner\"><\/div>\n\t\t<\/div>\n\t\t\t\t\t\t<\/div>\n\t\t\t\t<\/div>\n\t\t\t\t<div class=\"elementor-element elementor-element-d6fa00d elementor-widget elementor-widget-text-editor\" data-id=\"d6fa00d\" data-element_type=\"widget\" data-e-type=\"widget\" data-widget_type=\"text-editor.default\">\n\t\t\t\t<div class=\"elementor-widget-container\">\n\t\t\t\t\t\t\t\t\t<h6><a href=\"mailto:jo**@*********ls.fr\" data-original-string=\"qZkYznCp0\/nOReaq+PwocA==430MlyMvxbxkHSxu9LG4RZI5wm4s2ViHO3Lg6TB83ZI9\/A=\" title=\"This contact has been encoded by Anti-Spam by CleanTalk. Click to decode. To finish the decoding make sure that JavaScript is enabled in your browser.\"><span \n                data-original-string='ENcv2ARg6TTDILqiG+vzsA==430vLhsAS+srI2\/N8qUyPEAA3ilElz6eLD76dH8Os\/UvoY='\n                class='apbct-email-encoder'\n                title='This contact has been encoded by Anti-Spam by CleanTalk. Click to decode. To finish the decoding make sure that JavaScript is enabled in your browser.'>jo<span class=\"apbct-blur\">**<\/span>@<span class=\"apbct-blur\">*********<\/span>ls.fr<\/span><\/a><\/h6><h6><span style=\"color: inherit; font-family: Helvetica, sans-serif; font-size: 18px; font-style: normal; font-weight: 400;\">A bient\u00f4t !!<\/span><\/h6>\t\t\t\t\t\t\t\t<\/div>\n\t\t\t\t<\/div>\n\t\t\t\t<div class=\"elementor-element elementor-element-630b4a6 elementor-widget elementor-widget-spacer\" data-id=\"630b4a6\" data-element_type=\"widget\" data-e-type=\"widget\" data-widget_type=\"spacer.default\">\n\t\t\t\t<div class=\"elementor-widget-container\">\n\t\t\t\t\t\t\t<div class=\"elementor-spacer\">\n\t\t\t<div class=\"elementor-spacer-inner\"><\/div>\n\t\t<\/div>\n\t\t\t\t\t\t<\/div>\n\t\t\t\t<\/div>\n\t\t\t\t<div class=\"elementor-element elementor-element-f16f948 elementor-align-left elementor-widget elementor-widget-button\" data-id=\"f16f948\" data-element_type=\"widget\" data-e-type=\"widget\" data-widget_type=\"button.default\">\n\t\t\t\t<div class=\"elementor-widget-container\">\n\t\t\t\t\t\t\t\t\t<div class=\"elementor-button-wrapper\">\n\t\t\t\t\t<a class=\"elementor-button elementor-button-link elementor-size-md\" href=\"https:\/\/www.smartpixels.fr\/fr\/careers\/\">\n\t\t\t\t\t\t<span class=\"elementor-button-content-wrapper\">\n\t\t\t\t\t\t\t\t\t<span class=\"elementor-button-text\">&lt; Join the team<\/span>\n\t\t\t\t\t<\/span>\n\t\t\t\t\t<\/a>\n\t\t\t\t<\/div>\n\t\t\t\t\t\t\t\t<\/div>\n\t\t\t\t<\/div>\n\t\t\t\t\t<\/div>\n\t\t<\/div>\n\t\t\t\t\t<\/div>\n\t\t<\/section>\n\t\t\t\t<\/div>","protected":false},"excerpt":{"rendered":"<p>STAGE MARKETING &amp; COMMUNICATION ( 4 \u00e0 6 mois ) Qui sommes-nous ? Cr\u00e9\u00e9 en 2015, SmartPixels propose des solutions 3D innovantes pour les acteurs majeurs du monde du luxe et du retail (Gucci, Valentino, Dior, Berluti, Nike, Guerlain, Chanel, Chlo\u00e9, Swatch, Adidas\u2026). Reconnu pour son savoir-faire dans la production d\u2019images photor\u00e9alistes en 3D de [&hellip;]<\/p>\n","protected":false},"author":2,"featured_media":0,"parent":0,"menu_order":0,"comment_status":"closed","ping_status":"closed","template":"","meta":{"footnotes":""},"class_list":["post-8277","page","type-page","status-publish","hentry"],"jetpack_sharing_enabled":true,"_links":{"self":[{"href":"https:\/\/www.smartpixels.fr\/fr\/wp-json\/wp\/v2\/pages\/8277","targetHints":{"allow":["GET"]}}],"collection":[{"href":"https:\/\/www.smartpixels.fr\/fr\/wp-json\/wp\/v2\/pages"}],"about":[{"href":"https:\/\/www.smartpixels.fr\/fr\/wp-json\/wp\/v2\/types\/page"}],"author":[{"embeddable":true,"href":"https:\/\/www.smartpixels.fr\/fr\/wp-json\/wp\/v2\/users\/2"}],"replies":[{"embeddable":true,"href":"https:\/\/www.smartpixels.fr\/fr\/wp-json\/wp\/v2\/comments?post=8277"}],"version-history":[{"count":111,"href":"https:\/\/www.smartpixels.fr\/fr\/wp-json\/wp\/v2\/pages\/8277\/revisions"}],"predecessor-version":[{"id":19854,"href":"https:\/\/www.smartpixels.fr\/fr\/wp-json\/wp\/v2\/pages\/8277\/revisions\/19854"}],"wp:attachment":[{"href":"https:\/\/www.smartpixels.fr\/fr\/wp-json\/wp\/v2\/media?parent=8277"}],"curies":[{"name":"wp","href":"https:\/\/api.w.org\/{rel}","templated":true}]}}