{"id":8924,"date":"2021-08-17T10:55:37","date_gmt":"2021-08-17T08:55:37","guid":{"rendered":"https:\/\/www.smartpixels.fr\/?page_id=8924"},"modified":"2023-07-26T09:47:01","modified_gmt":"2023-07-26T07:47:01","slug":"stage-ou-cdd-integrateur-unity-technical-artist-septembre-2021","status":"publish","type":"page","link":"https:\/\/www.smartpixels.fr\/fr\/stage-ou-cdd-integrateur-unity-technical-artist-septembre-2021\/","title":{"rendered":"INTEGRATEUR UNITY \/ TECHNICAL ARTIST &#8211; Stage ou CDD &#8211; Septembre 2021"},"content":{"rendered":"<div data-elementor-type=\"wp-page\" data-elementor-id=\"8924\" class=\"elementor elementor-8924\" data-elementor-post-type=\"page\">\n\t\t\t\t\t\t<section class=\"elementor-section elementor-top-section elementor-element elementor-element-349d7c5 elementor-section-boxed elementor-section-height-default elementor-section-height-default\" data-id=\"349d7c5\" data-element_type=\"section\" data-e-type=\"section\">\n\t\t\t\t\t\t<div class=\"elementor-container elementor-column-gap-default\">\n\t\t\t\t\t<div class=\"elementor-column elementor-col-100 elementor-top-column elementor-element elementor-element-8f549c9\" data-id=\"8f549c9\" data-element_type=\"column\" data-e-type=\"column\">\n\t\t\t<div class=\"elementor-widget-wrap elementor-element-populated\">\n\t\t\t\t\t\t<div class=\"elementor-element elementor-element-f2aaea9 elementor-widget elementor-widget-heading\" data-id=\"f2aaea9\" data-element_type=\"widget\" data-e-type=\"widget\" data-widget_type=\"heading.default\">\n\t\t\t\t<div class=\"elementor-widget-container\">\n\t\t\t\t\t<h1 class=\"elementor-heading-title elementor-size-default\">INTEGRATEUR UNITY \/ TECHNICAL ARTIST<br><br> Stage ou CDD<\/h1>\t\t\t\t<\/div>\n\t\t\t\t<\/div>\n\t\t\t\t<div class=\"elementor-element elementor-element-66e93ce elementor-widget-divider--view-line elementor-widget elementor-widget-divider\" data-id=\"66e93ce\" data-element_type=\"widget\" data-e-type=\"widget\" data-widget_type=\"divider.default\">\n\t\t\t\t<div class=\"elementor-widget-container\">\n\t\t\t\t\t\t\t<div class=\"elementor-divider\">\n\t\t\t<span class=\"elementor-divider-separator\">\n\t\t\t\t\t\t<\/span>\n\t\t<\/div>\n\t\t\t\t\t\t<\/div>\n\t\t\t\t<\/div>\n\t\t\t\t\t<\/div>\n\t\t<\/div>\n\t\t\t\t\t<\/div>\n\t\t<\/section>\n\t\t\t\t<section class=\"elementor-section elementor-top-section elementor-element elementor-element-6da29e1 elementor-section-full_width elementor-section-stretched elementor-section-height-default elementor-section-height-default\" data-id=\"6da29e1\" data-element_type=\"section\" data-e-type=\"section\" data-settings=\"{&quot;stretch_section&quot;:&quot;section-stretched&quot;}\">\n\t\t\t\t\t\t<div class=\"elementor-container elementor-column-gap-default\">\n\t\t\t\t\t<div class=\"elementor-column elementor-col-100 elementor-top-column elementor-element elementor-element-5cbcdfb\" data-id=\"5cbcdfb\" data-element_type=\"column\" data-e-type=\"column\">\n\t\t\t<div class=\"elementor-widget-wrap elementor-element-populated\">\n\t\t\t\t\t\t<div class=\"elementor-element elementor-element-e1004ca elementor-widget elementor-widget-spacer\" data-id=\"e1004ca\" data-element_type=\"widget\" data-e-type=\"widget\" data-widget_type=\"spacer.default\">\n\t\t\t\t<div class=\"elementor-widget-container\">\n\t\t\t\t\t\t\t<div class=\"elementor-spacer\">\n\t\t\t<div class=\"elementor-spacer-inner\"><\/div>\n\t\t<\/div>\n\t\t\t\t\t\t<\/div>\n\t\t\t\t<\/div>\n\t\t\t\t<div class=\"elementor-element elementor-element-839f2c9 elementor-widget elementor-widget-image\" data-id=\"839f2c9\" data-element_type=\"widget\" data-e-type=\"widget\" data-widget_type=\"image.default\">\n\t\t\t\t<div class=\"elementor-widget-container\">\n\t\t\t\t\t\t\t\t\t\t\t\t\t\t\t<img fetchpriority=\"high\" decoding=\"async\" width=\"800\" height=\"441\" src=\"https:\/\/www.smartpixels.fr\/wp-content\/uploads\/2021\/11\/gucci-conf-on-screen-1-1024x565.jpg\" class=\"attachment-large size-large wp-image-10311\" alt=\"\" srcset=\"https:\/\/www.smartpixels.fr\/wp-content\/uploads\/2021\/11\/gucci-conf-on-screen-1-1024x565.jpg 1024w, https:\/\/www.smartpixels.fr\/wp-content\/uploads\/2021\/11\/gucci-conf-on-screen-1-768x424.jpg 768w, https:\/\/www.smartpixels.fr\/wp-content\/uploads\/2021\/11\/gucci-conf-on-screen-1-1536x847.jpg 1536w, https:\/\/www.smartpixels.fr\/wp-content\/uploads\/2021\/11\/gucci-conf-on-screen-1-18x10.jpg 18w, https:\/\/www.smartpixels.fr\/wp-content\/uploads\/2021\/11\/gucci-conf-on-screen-1.jpg 1920w\" sizes=\"(max-width: 800px) 100vw, 800px\" \/>\t\t\t\t\t\t\t\t\t\t\t\t\t\t\t<\/div>\n\t\t\t\t<\/div>\n\t\t\t\t<div class=\"elementor-element elementor-element-0d9e47a elementor-widget elementor-widget-spacer\" data-id=\"0d9e47a\" data-element_type=\"widget\" data-e-type=\"widget\" data-widget_type=\"spacer.default\">\n\t\t\t\t<div class=\"elementor-widget-container\">\n\t\t\t\t\t\t\t<div class=\"elementor-spacer\">\n\t\t\t<div class=\"elementor-spacer-inner\"><\/div>\n\t\t<\/div>\n\t\t\t\t\t\t<\/div>\n\t\t\t\t<\/div>\n\t\t\t\t\t<\/div>\n\t\t<\/div>\n\t\t\t\t\t<\/div>\n\t\t<\/section>\n\t\t\t\t<section class=\"elementor-section elementor-top-section elementor-element elementor-element-a37b4ab elementor-section-boxed elementor-section-height-default elementor-section-height-default\" data-id=\"a37b4ab\" data-element_type=\"section\" data-e-type=\"section\">\n\t\t\t\t\t\t<div class=\"elementor-container elementor-column-gap-default\">\n\t\t\t\t\t<div class=\"elementor-column elementor-col-100 elementor-top-column elementor-element elementor-element-0e91236\" data-id=\"0e91236\" data-element_type=\"column\" data-e-type=\"column\">\n\t\t\t<div class=\"elementor-widget-wrap elementor-element-populated\">\n\t\t\t\t\t\t<div class=\"elementor-element elementor-element-7e5ed7a elementor-widget elementor-widget-heading\" data-id=\"7e5ed7a\" data-element_type=\"widget\" data-e-type=\"widget\" data-widget_type=\"heading.default\">\n\t\t\t\t<div class=\"elementor-widget-container\">\n\t\t\t\t\t<h2 class=\"elementor-heading-title elementor-size-default\">QUI SOMMES-NOUS ? <\/h2>\t\t\t\t<\/div>\n\t\t\t\t<\/div>\n\t\t\t\t<div class=\"elementor-element elementor-element-f863c51 elementor-widget elementor-widget-spacer\" data-id=\"f863c51\" data-element_type=\"widget\" data-e-type=\"widget\" data-widget_type=\"spacer.default\">\n\t\t\t\t<div class=\"elementor-widget-container\">\n\t\t\t\t\t\t\t<div class=\"elementor-spacer\">\n\t\t\t<div class=\"elementor-spacer-inner\"><\/div>\n\t\t<\/div>\n\t\t\t\t\t\t<\/div>\n\t\t\t\t<\/div>\n\t\t\t\t<div class=\"elementor-element elementor-element-5941adb elementor-widget elementor-widget-text-editor\" data-id=\"5941adb\" data-element_type=\"widget\" data-e-type=\"widget\" data-widget_type=\"text-editor.default\">\n\t\t\t\t<div class=\"elementor-widget-container\">\n\t\t\t\t\t\t\t\t\t<h6>Cr\u00e9\u00e9 en 2015, SmartPixels propose des solutions 3D innovantes pour les acteurs majeurs du monde du luxe et du retail (Gucci, Valentino, Dior, Berluti, Nike, Guerlain, Chanel, Chlo\u00e9, Swatch, Adidas\u2026). Reconnu pour son savoir-faire dans la production d\u2019images photor\u00e9alistes en 3D de produits d\u2019exception (maroquinerie, cuir exotique, joaillerie..), SmartPixels aide ses clients \u00e0 cr\u00e9er des exp\u00e9riences clients uniques, en ligne ou en boutique, en cr\u00e9ant pour eux :<\/h6>\n<p><\/p>\n<h6>\u2022<strong> Des visuels 3D photor\u00e9alistes de leurs produits<\/strong> (sacs, chaussures, pr\u00eat \u00e0 porter, ..) o\u00f9 chaque attribut est modifiable \u00e0 tout moment.&nbsp;<\/h6>\n<h6>\u2022 <strong>Un outil de configuration<\/strong> permettant de d\u00e9cliner l&#8217;apparence des produits (coupes, couleurs, mati\u00e8res) jusqu&#8217;au moindre d\u00e9tail. De ce fait, notre plateforme de rendu 3D permet la cr\u00e9ation d&#8217;une infinit\u00e9 de visuels produits en quelques clics.&nbsp;<\/h6>\n<h6>\u2022 <strong>Des exp\u00e9riences clients interactives en boutique, ou en ligne (sites e-commerce, les r\u00e9seaux sociaux&#8230;)<\/strong> qui stimulent ainsi l&#8217;engagement de la marque et les taux de conversion.<\/h6>\t\t\t\t\t\t\t\t<\/div>\n\t\t\t\t<\/div>\n\t\t\t\t<div class=\"elementor-element elementor-element-b3f8b22 elementor-widget elementor-widget-spacer\" data-id=\"b3f8b22\" data-element_type=\"widget\" data-e-type=\"widget\" data-widget_type=\"spacer.default\">\n\t\t\t\t<div class=\"elementor-widget-container\">\n\t\t\t\t\t\t\t<div class=\"elementor-spacer\">\n\t\t\t<div class=\"elementor-spacer-inner\"><\/div>\n\t\t<\/div>\n\t\t\t\t\t\t<\/div>\n\t\t\t\t<\/div>\n\t\t\t\t\t<\/div>\n\t\t<\/div>\n\t\t\t\t\t<\/div>\n\t\t<\/section>\n\t\t\t\t<section class=\"elementor-section elementor-top-section elementor-element elementor-element-a169899 elementor-section-boxed elementor-section-height-default elementor-section-height-default\" data-id=\"a169899\" data-element_type=\"section\" data-e-type=\"section\">\n\t\t\t\t\t\t<div class=\"elementor-container elementor-column-gap-default\">\n\t\t\t\t\t<div class=\"elementor-column elementor-col-100 elementor-top-column elementor-element elementor-element-9710bfd\" data-id=\"9710bfd\" data-element_type=\"column\" data-e-type=\"column\">\n\t\t\t<div class=\"elementor-widget-wrap elementor-element-populated\">\n\t\t\t\t\t\t<div class=\"elementor-element elementor-element-0ffc4a7 elementor-widget elementor-widget-heading\" data-id=\"0ffc4a7\" data-element_type=\"widget\" data-e-type=\"widget\" data-widget_type=\"heading.default\">\n\t\t\t\t<div class=\"elementor-widget-container\">\n\t\t\t\t\t<h2 class=\"elementor-heading-title elementor-size-default\">MISSIONS DU POSTE : <\/h2>\t\t\t\t<\/div>\n\t\t\t\t<\/div>\n\t\t\t\t<div class=\"elementor-element elementor-element-334f45d elementor-widget elementor-widget-spacer\" data-id=\"334f45d\" data-element_type=\"widget\" data-e-type=\"widget\" data-widget_type=\"spacer.default\">\n\t\t\t\t<div class=\"elementor-widget-container\">\n\t\t\t\t\t\t\t<div class=\"elementor-spacer\">\n\t\t\t<div class=\"elementor-spacer-inner\"><\/div>\n\t\t<\/div>\n\t\t\t\t\t\t<\/div>\n\t\t\t\t<\/div>\n\t\t\t\t<div class=\"elementor-element elementor-element-70d13ea elementor-widget elementor-widget-text-editor\" data-id=\"70d13ea\" data-element_type=\"widget\" data-e-type=\"widget\" data-widget_type=\"text-editor.default\">\n\t\t\t\t<div class=\"elementor-widget-container\">\n\t\t\t\t\t\t\t\t\t<h6><strong>Vous serez en charge de la r\u00e9alisation de mati\u00e8res, Shaders, environnements, et de leur int\u00e9gration dans Unity. <\/strong><\/h6>\n<h6><em>Vos missions principales sont les suivantes<\/em> :<\/h6>\t\t\t\t\t\t\t\t<\/div>\n\t\t\t\t<\/div>\n\t\t\t\t<div class=\"elementor-element elementor-element-d5bdc2d elementor-widget elementor-widget-spacer\" data-id=\"d5bdc2d\" data-element_type=\"widget\" data-e-type=\"widget\" data-widget_type=\"spacer.default\">\n\t\t\t\t<div class=\"elementor-widget-container\">\n\t\t\t\t\t\t\t<div class=\"elementor-spacer\">\n\t\t\t<div class=\"elementor-spacer-inner\"><\/div>\n\t\t<\/div>\n\t\t\t\t\t\t<\/div>\n\t\t\t\t<\/div>\n\t\t\t\t<div class=\"elementor-element elementor-element-15a5427 elementor-widget elementor-widget-text-editor\" data-id=\"15a5427\" data-element_type=\"widget\" data-e-type=\"widget\" data-widget_type=\"text-editor.default\">\n\t\t\t\t<div class=\"elementor-widget-container\">\n\t\t\t\t\t\t\t\t\t\n<h6>\u00a0\/ Cr\u00e9er, optimiser, texturer, \u00e9clairer des mod\u00e8les 3D (G\u00e9om\u00e9trie, textures, mat\u00e9riaux, lumi\u00e8res, &#8230;)<\/h6>\n<h6>\u00a0\/ Int\u00e9grer dans Unity des assets 3D (Unity shader graph, unity amplify shader, adobe substance)<\/h6>\n<h6>\u00a0\/ Assurer la coh\u00e9rence et l\u2019esth\u00e9tique des sc\u00e8nes Unity <\/h6>\n<h6> \/ Garantir la mise en place et le respect des nomenclatures, ainsi que la conformit\u00e9 des jeux de donn\u00e9es\t\t\t\t\t\t\t\t<\/div>\n\t\t\t\t<\/div>\n\t\t\t\t<div class=\"elementor-element elementor-element-5aa5b3b elementor-widget elementor-widget-spacer\" data-id=\"5aa5b3b\" data-element_type=\"widget\" data-e-type=\"widget\" data-widget_type=\"spacer.default\">\n\t\t\t\t<div class=\"elementor-widget-container\">\n\t\t\t\t\t\t\t<div class=\"elementor-spacer\">\n\t\t\t<div class=\"elementor-spacer-inner\"><\/div>\n\t\t<\/div>\n\t\t\t\t\t\t<\/div>\n\t\t\t\t<\/div>\n\t\t\t\t<div class=\"elementor-element elementor-element-583594a elementor-widget elementor-widget-spacer\" data-id=\"583594a\" data-element_type=\"widget\" data-e-type=\"widget\" data-widget_type=\"spacer.default\">\n\t\t\t\t<div class=\"elementor-widget-container\">\n\t\t\t\t\t\t\t<div class=\"elementor-spacer\">\n\t\t\t<div class=\"elementor-spacer-inner\"><\/div>\n\t\t<\/div>\n\t\t\t\t\t\t<\/div>\n\t\t\t\t<\/div>\n\t\t\t\t\t<\/div>\n\t\t<\/div>\n\t\t\t\t\t<\/div>\n\t\t<\/section>\n\t\t\t\t<section class=\"elementor-section elementor-top-section elementor-element elementor-element-8cb3798 elementor-section-boxed elementor-section-height-default elementor-section-height-default\" data-id=\"8cb3798\" data-element_type=\"section\" data-e-type=\"section\">\n\t\t\t\t\t\t<div class=\"elementor-container elementor-column-gap-default\">\n\t\t\t\t\t<div class=\"elementor-column elementor-col-100 elementor-top-column elementor-element elementor-element-c0f2b76\" data-id=\"c0f2b76\" data-element_type=\"column\" data-e-type=\"column\">\n\t\t\t<div class=\"elementor-widget-wrap elementor-element-populated\">\n\t\t\t\t\t\t<div class=\"elementor-element elementor-element-89c20b8 elementor-widget elementor-widget-heading\" data-id=\"89c20b8\" data-element_type=\"widget\" data-e-type=\"widget\" data-widget_type=\"heading.default\">\n\t\t\t\t<div class=\"elementor-widget-container\">\n\t\t\t\t\t<h2 class=\"elementor-heading-title elementor-size-default\">PROFIL ET COMPETENCES RECHERCHEES : <\/h2>\t\t\t\t<\/div>\n\t\t\t\t<\/div>\n\t\t\t\t<div class=\"elementor-element elementor-element-003c4a9 elementor-widget elementor-widget-spacer\" data-id=\"003c4a9\" data-element_type=\"widget\" data-e-type=\"widget\" data-widget_type=\"spacer.default\">\n\t\t\t\t<div class=\"elementor-widget-container\">\n\t\t\t\t\t\t\t<div class=\"elementor-spacer\">\n\t\t\t<div class=\"elementor-spacer-inner\"><\/div>\n\t\t<\/div>\n\t\t\t\t\t\t<\/div>\n\t\t\t\t<\/div>\n\t\t\t\t<div class=\"elementor-element elementor-element-ca55048 elementor-widget elementor-widget-text-editor\" data-id=\"ca55048\" data-element_type=\"widget\" data-e-type=\"widget\" data-widget_type=\"text-editor.default\">\n\t\t\t\t<div class=\"elementor-widget-container\">\n\t\t\t\t\t\t\t\t\t<h6>\/ <strong>Formation : <\/strong> vous \u00eates issus d\u2019une \u00e9cole de jeux Vid\u00e9o, de d\u00e9veloppement Web, ou d\u2019une formation similaire<\/h6>\n\n<h6>\/ <strong>Exp\u00e9rience: <\/strong> une exp\u00e9rience similaire, dans le d\u00e9veloppement de jeux vid\u00e9o, dans la visualisation architecturale, ou d\u00e9veloppement d\u2019application 3D est un plus <\/h6>\n\n<h6>\/ <strong>Comp\u00e9tences requises : <\/strong><\/h6>\n<h6><li> Unity, Blender ou Maya ou 3DS Max <\/li><\/h6>\n<h6><li> Rendus r\u00e9alistes <\/li><\/h6>\n<h6><li> Shaders <\/li><\/h6>\n<h6><li> C# <\/li><\/h6>\n<h6><li> Anglais technique parl\u00e9 et \u00e9crit  <\/li><\/h6>\n\n<h6>\/ <strong>Profil \/ Int\u00e9r\u00eat : <\/strong><\/h6>\n<h6><li> Rigoureux et appliqu\u00e9, vous aimez travailler en \u00e9quipe au sein d\u2019une Startup en pleine expansion ! <\/li><\/h6>\n<h6><li> Vous avez un fort int\u00e9r\u00eat pour l\u2019image r\u00e9aliste et les simulations lumi\u00e8re-mati\u00e8re\n\t\t\t\t\t\t\t\t<\/div>\n\t\t\t\t<\/div>\n\t\t\t\t\t<\/div>\n\t\t<\/div>\n\t\t\t\t\t<\/div>\n\t\t<\/section>\n\t\t\t\t<section class=\"elementor-section elementor-top-section elementor-element elementor-element-19f3c29 elementor-section-boxed elementor-section-height-default elementor-section-height-default\" data-id=\"19f3c29\" data-element_type=\"section\" data-e-type=\"section\">\n\t\t\t\t\t\t<div class=\"elementor-container elementor-column-gap-default\">\n\t\t\t\t\t<div class=\"elementor-column elementor-col-100 elementor-top-column elementor-element elementor-element-bcf1ece\" data-id=\"bcf1ece\" data-element_type=\"column\" data-e-type=\"column\">\n\t\t\t<div class=\"elementor-widget-wrap elementor-element-populated\">\n\t\t\t\t\t\t<div class=\"elementor-element elementor-element-ffad52c elementor-widget elementor-widget-spacer\" data-id=\"ffad52c\" data-element_type=\"widget\" data-e-type=\"widget\" data-widget_type=\"spacer.default\">\n\t\t\t\t<div class=\"elementor-widget-container\">\n\t\t\t\t\t\t\t<div class=\"elementor-spacer\">\n\t\t\t<div class=\"elementor-spacer-inner\"><\/div>\n\t\t<\/div>\n\t\t\t\t\t\t<\/div>\n\t\t\t\t<\/div>\n\t\t\t\t<div class=\"elementor-element elementor-element-587085f elementor-widget elementor-widget-heading\" data-id=\"587085f\" data-element_type=\"widget\" data-e-type=\"widget\" data-widget_type=\"heading.default\">\n\t\t\t\t<div class=\"elementor-widget-container\">\n\t\t\t\t\t<h2 class=\"elementor-heading-title elementor-size-default\">POURQUOI NOUS REJOINDRE ?<\/h2>\t\t\t\t<\/div>\n\t\t\t\t<\/div>\n\t\t\t\t<div class=\"elementor-element elementor-element-74a7132 elementor-widget elementor-widget-spacer\" data-id=\"74a7132\" data-element_type=\"widget\" data-e-type=\"widget\" data-widget_type=\"spacer.default\">\n\t\t\t\t<div class=\"elementor-widget-container\">\n\t\t\t\t\t\t\t<div class=\"elementor-spacer\">\n\t\t\t<div class=\"elementor-spacer-inner\"><\/div>\n\t\t<\/div>\n\t\t\t\t\t\t<\/div>\n\t\t\t\t<\/div>\n\t\t\t\t<div class=\"elementor-element elementor-element-63e5d39 elementor-widget elementor-widget-text-editor\" data-id=\"63e5d39\" data-element_type=\"widget\" data-e-type=\"widget\" data-widget_type=\"text-editor.default\">\n\t\t\t\t<div class=\"elementor-widget-container\">\n\t\t\t\t\t\t\t\t\t<h6><strong>\u2713 Une \u00e9quipe pluridisciplinaire (devs, graph, marketing, .. ), de 20 collaborateurs passionn\u00e9s par l\u2019innovation et les enjeux technologiques li\u00e9s \u00e0 la 3D<\/strong> toutes anim\u00e9es par le go\u00fbt du challenge.<\/h6><h6>\u00a0<\/h6><h6><strong>\u2713<\/strong> <strong>Une StartUp reconnue pour son expertise technique, et ses produits innovants.<\/strong> Depuis 7 ans, nous accompagnons les grandes marques dans leurs projets li\u00e9s \u00e0 la cr\u00e9ation des visuels produits, la digitalisation des catalogues produits, la construction des offres de personnalisation en ligne, la cr\u00e9ation d\u2019exp\u00e9riences interactives en magasin, &#8230; et d\u2019autres projets innovants pour le monde du retail.\u00a0<\/h6><h6>\u00a0<\/h6><h6><strong>\u2713<\/strong><span style=\"font-family: Helvetica, sans-serif; font-size: 18px; font-style: normal; font-variant-ligatures: normal; font-variant-caps: normal; font-weight: 400;\">\u00a0<\/span><span style=\"font-family: Helvetica, sans-serif; font-size: 18px; font-style: normal; font-variant-ligatures: normal; font-variant-caps: normal; font-weight: 400;\"><strong>Un environnement attractif<\/strong> : localisation intra-muros (M\u00e9tro Nation), des locaux lumineux, une grande terrasse (fleurie), tickets restaurant\/mutuelle, Navigo 100%, t\u00e9l\u00e9travail et remote-friendly!\u00a0<\/span><\/h6><h6>\u00a0<\/h6>\t\t\t\t\t\t\t\t<\/div>\n\t\t\t\t<\/div>\n\t\t\t\t\t<\/div>\n\t\t<\/div>\n\t\t\t\t\t<\/div>\n\t\t<\/section>\n\t\t\t\t<section class=\"elementor-section elementor-top-section elementor-element elementor-element-5d8954f elementor-section-boxed elementor-section-height-default elementor-section-height-default\" data-id=\"5d8954f\" data-element_type=\"section\" data-e-type=\"section\">\n\t\t\t\t\t\t<div class=\"elementor-container elementor-column-gap-default\">\n\t\t\t\t\t<div class=\"elementor-column elementor-col-100 elementor-top-column elementor-element elementor-element-700558b\" data-id=\"700558b\" data-element_type=\"column\" data-e-type=\"column\">\n\t\t\t<div class=\"elementor-widget-wrap elementor-element-populated\">\n\t\t\t\t\t\t<div class=\"elementor-element elementor-element-cfb36dc elementor-widget-divider--view-line elementor-widget elementor-widget-divider\" data-id=\"cfb36dc\" data-element_type=\"widget\" data-e-type=\"widget\" data-widget_type=\"divider.default\">\n\t\t\t\t<div class=\"elementor-widget-container\">\n\t\t\t\t\t\t\t<div class=\"elementor-divider\">\n\t\t\t<span class=\"elementor-divider-separator\">\n\t\t\t\t\t\t<\/span>\n\t\t<\/div>\n\t\t\t\t\t\t<\/div>\n\t\t\t\t<\/div>\n\t\t\t\t<div class=\"elementor-element elementor-element-d6fa00d elementor-widget elementor-widget-text-editor\" data-id=\"d6fa00d\" data-element_type=\"widget\" data-e-type=\"widget\" data-widget_type=\"text-editor.default\">\n\t\t\t\t<div class=\"elementor-widget-container\">\n\t\t\t\t\t\t\t\t\t<h6><strong>Envoyez vos CVs \u00e0 l&#8217;adresse suivante<\/strong> : <a href=\"mailto:lh******@*********ls.fr\" data-original-string=\"WKL8QuHZNKbnyVGbKm7KoA==430Mqj6jOaGJQSmR8uyfabOXPbWSeKQite\/nPJTmHhThVE=\" title=\"This contact has been encoded by Anti-Spam by CleanTalk. Click to decode. To finish the decoding make sure that JavaScript is enabled in your browser.\"><span \n                data-original-string='Fj1pqjs64wQJCV6uP60WkA==430jNbdiwUPFt95OMC2frPQlqdBnFCqEeWnRYb2F4kPirE='\n                class='apbct-email-encoder'\n                title='This contact has been encoded by Anti-Spam by CleanTalk. Click to decode. To finish the decoding make sure that JavaScript is enabled in your browser.'>jo<span class=\"apbct-blur\">**<\/span>@<span class=\"apbct-blur\">*********<\/span>ls.fr<\/span><\/a><\/h6>\n<h6><span style=\"color: inherit; font-family: Helvetica, sans-serif; font-size: 18px; font-style: normal; font-weight: 400;\">A bient\u00f4t !! \u00a0<\/span><\/h6>\t\t\t\t\t\t\t\t<\/div>\n\t\t\t\t<\/div>\n\t\t\t\t<div class=\"elementor-element elementor-element-630b4a6 elementor-widget elementor-widget-spacer\" data-id=\"630b4a6\" data-element_type=\"widget\" data-e-type=\"widget\" data-widget_type=\"spacer.default\">\n\t\t\t\t<div class=\"elementor-widget-container\">\n\t\t\t\t\t\t\t<div class=\"elementor-spacer\">\n\t\t\t<div class=\"elementor-spacer-inner\"><\/div>\n\t\t<\/div>\n\t\t\t\t\t\t<\/div>\n\t\t\t\t<\/div>\n\t\t\t\t<div class=\"elementor-element elementor-element-f16f948 elementor-align-left elementor-widget elementor-widget-button\" data-id=\"f16f948\" data-element_type=\"widget\" data-e-type=\"widget\" data-widget_type=\"button.default\">\n\t\t\t\t<div class=\"elementor-widget-container\">\n\t\t\t\t\t\t\t\t\t<div class=\"elementor-button-wrapper\">\n\t\t\t\t\t<a class=\"elementor-button elementor-button-link elementor-size-md\" href=\"https:\/\/www.smartpixels.fr\/fr\/careers\/\">\n\t\t\t\t\t\t<span class=\"elementor-button-content-wrapper\">\n\t\t\t\t\t\t\t\t\t<span class=\"elementor-button-text\">&lt; Join the team<\/span>\n\t\t\t\t\t<\/span>\n\t\t\t\t\t<\/a>\n\t\t\t\t<\/div>\n\t\t\t\t\t\t\t\t<\/div>\n\t\t\t\t<\/div>\n\t\t\t\t\t<\/div>\n\t\t<\/div>\n\t\t\t\t\t<\/div>\n\t\t<\/section>\n\t\t\t\t<\/div>","protected":false},"excerpt":{"rendered":"<p>INTEGRATEUR UNITY \/ TECHNICAL ARTIST Stage ou CDD QUI SOMMES-NOUS ? Cr\u00e9\u00e9 en 2015, SmartPixels propose des solutions 3D innovantes pour les acteurs majeurs du monde du luxe et du retail (Gucci, Valentino, Dior, Berluti, Nike, Guerlain, Chanel, Chlo\u00e9, Swatch, Adidas\u2026). Reconnu pour son savoir-faire dans la production d\u2019images photor\u00e9alistes en 3D de produits d\u2019exception [&hellip;]<\/p>\n","protected":false},"author":2,"featured_media":0,"parent":0,"menu_order":0,"comment_status":"closed","ping_status":"closed","template":"","meta":{"footnotes":""},"class_list":["post-8924","page","type-page","status-publish","hentry"],"jetpack_sharing_enabled":true,"_links":{"self":[{"href":"https:\/\/www.smartpixels.fr\/fr\/wp-json\/wp\/v2\/pages\/8924","targetHints":{"allow":["GET"]}}],"collection":[{"href":"https:\/\/www.smartpixels.fr\/fr\/wp-json\/wp\/v2\/pages"}],"about":[{"href":"https:\/\/www.smartpixels.fr\/fr\/wp-json\/wp\/v2\/types\/page"}],"author":[{"embeddable":true,"href":"https:\/\/www.smartpixels.fr\/fr\/wp-json\/wp\/v2\/users\/2"}],"replies":[{"embeddable":true,"href":"https:\/\/www.smartpixels.fr\/fr\/wp-json\/wp\/v2\/comments?post=8924"}],"version-history":[{"count":58,"href":"https:\/\/www.smartpixels.fr\/fr\/wp-json\/wp\/v2\/pages\/8924\/revisions"}],"predecessor-version":[{"id":19845,"href":"https:\/\/www.smartpixels.fr\/fr\/wp-json\/wp\/v2\/pages\/8924\/revisions\/19845"}],"wp:attachment":[{"href":"https:\/\/www.smartpixels.fr\/fr\/wp-json\/wp\/v2\/media?parent=8924"}],"curies":[{"name":"wp","href":"https:\/\/api.w.org\/{rel}","templated":true}]}}