{"id":12747,"date":"2022-06-08T16:07:26","date_gmt":"2022-06-08T14:07:26","guid":{"rendered":"https:\/\/www.smartpixels.fr\/?page_id=12747"},"modified":"2023-07-26T09:47:16","modified_gmt":"2023-07-26T07:47:16","slug":"stage-business-developer-partenariats-strategiques","status":"publish","type":"page","link":"https:\/\/www.smartpixels.fr\/it\/stage-business-developer-partenariats-strategiques\/","title":{"rendered":"Stage Business Developer Partenariats Strat\u00e9giques (F\/M)"},"content":{"rendered":"<div data-elementor-type=\"wp-page\" data-elementor-id=\"12747\" class=\"elementor elementor-12747\" data-elementor-post-type=\"page\">\n\t\t\t\t\t\t<section class=\"elementor-section elementor-top-section elementor-element elementor-element-c68e34e elementor-section-boxed elementor-section-height-default elementor-section-height-default\" data-id=\"c68e34e\" data-element_type=\"section\" data-e-type=\"section\">\n\t\t\t\t\t\t<div class=\"elementor-container elementor-column-gap-default\">\n\t\t\t\t\t<div class=\"elementor-column elementor-col-100 elementor-top-column elementor-element elementor-element-b42f469\" data-id=\"b42f469\" data-element_type=\"column\" data-e-type=\"column\">\n\t\t\t<div class=\"elementor-widget-wrap elementor-element-populated\">\n\t\t\t\t\t\t<div class=\"elementor-element elementor-element-f0e4770 elementor-widget elementor-widget-heading\" data-id=\"f0e4770\" data-element_type=\"widget\" data-e-type=\"widget\" data-widget_type=\"heading.default\">\n\t\t\t\t<div class=\"elementor-widget-container\">\n\t\t\t\t\t<h1 class=\"elementor-heading-title elementor-size-default\">BUSINESS DEVELOPER PARTENARIATS <br> <br>STRATEGIQUES<\/h1>\t\t\t\t<\/div>\n\t\t\t\t<\/div>\n\t\t\t\t<div class=\"elementor-element elementor-element-0bf5785 elementor-widget elementor-widget-spacer\" data-id=\"0bf5785\" data-element_type=\"widget\" data-e-type=\"widget\" data-widget_type=\"spacer.default\">\n\t\t\t\t<div class=\"elementor-widget-container\">\n\t\t\t\t\t\t\t<div class=\"elementor-spacer\">\n\t\t\t<div class=\"elementor-spacer-inner\"><\/div>\n\t\t<\/div>\n\t\t\t\t\t\t<\/div>\n\t\t\t\t<\/div>\n\t\t\t\t<div class=\"elementor-element elementor-element-553c3cc elementor-widget elementor-widget-heading\" data-id=\"553c3cc\" data-element_type=\"widget\" data-e-type=\"widget\" data-widget_type=\"heading.default\">\n\t\t\t\t<div class=\"elementor-widget-container\">\n\t\t\t\t\t<p class=\"elementor-heading-title elementor-size-default\">( 6 mois \/ C\u00e9sure ou fin d'\u00e9tude )<br><\/p>\t\t\t\t<\/div>\n\t\t\t\t<\/div>\n\t\t\t\t<div class=\"elementor-element elementor-element-d142f12 elementor-widget-divider--view-line elementor-widget elementor-widget-divider\" data-id=\"d142f12\" data-element_type=\"widget\" data-e-type=\"widget\" data-widget_type=\"divider.default\">\n\t\t\t\t<div class=\"elementor-widget-container\">\n\t\t\t\t\t\t\t<div class=\"elementor-divider\">\n\t\t\t<span class=\"elementor-divider-separator\">\n\t\t\t\t\t\t<\/span>\n\t\t<\/div>\n\t\t\t\t\t\t<\/div>\n\t\t\t\t<\/div>\n\t\t\t\t\t<\/div>\n\t\t<\/div>\n\t\t\t\t\t<\/div>\n\t\t<\/section>\n\t\t\t\t<section class=\"elementor-section elementor-top-section elementor-element elementor-element-0762e7c elementor-section-full_width elementor-section-stretched elementor-section-height-default elementor-section-height-default\" data-id=\"0762e7c\" data-element_type=\"section\" data-e-type=\"section\" data-settings=\"{&quot;stretch_section&quot;:&quot;section-stretched&quot;}\">\n\t\t\t\t\t\t<div class=\"elementor-container elementor-column-gap-default\">\n\t\t\t\t\t<div class=\"elementor-column elementor-col-100 elementor-top-column elementor-element elementor-element-2630342\" data-id=\"2630342\" data-element_type=\"column\" data-e-type=\"column\">\n\t\t\t<div class=\"elementor-widget-wrap elementor-element-populated\">\n\t\t\t\t\t\t<div class=\"elementor-element elementor-element-d4cc37c elementor-widget elementor-widget-spacer\" data-id=\"d4cc37c\" data-element_type=\"widget\" data-e-type=\"widget\" data-widget_type=\"spacer.default\">\n\t\t\t\t<div class=\"elementor-widget-container\">\n\t\t\t\t\t\t\t<div class=\"elementor-spacer\">\n\t\t\t<div class=\"elementor-spacer-inner\"><\/div>\n\t\t<\/div>\n\t\t\t\t\t\t<\/div>\n\t\t\t\t<\/div>\n\t\t\t\t<div class=\"elementor-element elementor-element-a736871 elementor-widget elementor-widget-image\" data-id=\"a736871\" data-element_type=\"widget\" data-e-type=\"widget\" data-widget_type=\"image.default\">\n\t\t\t\t<div class=\"elementor-widget-container\">\n\t\t\t\t\t\t\t\t\t\t\t\t\t\t\t<img decoding=\"async\" src=\"https:\/\/www.smartpixels.fr\/wp-content\/uploads\/2021\/11\/gucci-conf-on-screen-1-1463x560.jpg\" title=\"gucci conf on screen\" alt=\"gucci conf on screen\" loading=\"lazy\" \/>\t\t\t\t\t\t\t\t\t\t\t\t\t\t\t<\/div>\n\t\t\t\t<\/div>\n\t\t\t\t<div class=\"elementor-element elementor-element-07ca1d5 elementor-widget elementor-widget-spacer\" data-id=\"07ca1d5\" data-element_type=\"widget\" data-e-type=\"widget\" data-widget_type=\"spacer.default\">\n\t\t\t\t<div class=\"elementor-widget-container\">\n\t\t\t\t\t\t\t<div class=\"elementor-spacer\">\n\t\t\t<div class=\"elementor-spacer-inner\"><\/div>\n\t\t<\/div>\n\t\t\t\t\t\t<\/div>\n\t\t\t\t<\/div>\n\t\t\t\t\t<\/div>\n\t\t<\/div>\n\t\t\t\t\t<\/div>\n\t\t<\/section>\n\t\t\t\t<section class=\"elementor-section elementor-top-section elementor-element elementor-element-1da51aa elementor-section-boxed elementor-section-height-default elementor-section-height-default\" data-id=\"1da51aa\" data-element_type=\"section\" data-e-type=\"section\">\n\t\t\t\t\t\t<div class=\"elementor-container elementor-column-gap-default\">\n\t\t\t\t\t<div class=\"elementor-column elementor-col-100 elementor-top-column elementor-element elementor-element-befba49\" data-id=\"befba49\" data-element_type=\"column\" data-e-type=\"column\">\n\t\t\t<div class=\"elementor-widget-wrap elementor-element-populated\">\n\t\t\t\t\t\t<div class=\"elementor-element elementor-element-d2ff7ae elementor-widget elementor-widget-heading\" data-id=\"d2ff7ae\" data-element_type=\"widget\" data-e-type=\"widget\" data-widget_type=\"heading.default\">\n\t\t\t\t<div class=\"elementor-widget-container\">\n\t\t\t\t\t<h2 class=\"elementor-heading-title elementor-size-default\">Qui sommes-nous ?<\/h2>\t\t\t\t<\/div>\n\t\t\t\t<\/div>\n\t\t\t\t<div class=\"elementor-element elementor-element-a988fd8 elementor-widget elementor-widget-spacer\" data-id=\"a988fd8\" data-element_type=\"widget\" data-e-type=\"widget\" data-widget_type=\"spacer.default\">\n\t\t\t\t<div class=\"elementor-widget-container\">\n\t\t\t\t\t\t\t<div class=\"elementor-spacer\">\n\t\t\t<div class=\"elementor-spacer-inner\"><\/div>\n\t\t<\/div>\n\t\t\t\t\t\t<\/div>\n\t\t\t\t<\/div>\n\t\t\t\t<div class=\"elementor-element elementor-element-aba15ba elementor-widget elementor-widget-text-editor\" data-id=\"aba15ba\" data-element_type=\"widget\" data-e-type=\"widget\" data-widget_type=\"text-editor.default\">\n\t\t\t\t<div class=\"elementor-widget-container\">\n\t\t\t\t\t\t\t\t\t<h6>Cr\u00e9\u00e9 en 2015, SmartPixels propose des solutions 3D innovantes pour les acteurs majeurs du monde du luxe et du retail (Gucci, Valentino, Dior, Berluti, Nike, Guerlain, Chanel, Chlo\u00e9, Swatch, Adidas\u2026). Reconnu pour son savoir-faire dans la production d\u2019images photor\u00e9alistes en 3D de produits d\u2019exception (maroquinerie, cuir exotique, joaillerie..), SmartPixels aide ses clients \u00e0 cr\u00e9er des exp\u00e9riences clients uniques, en ligne ou en boutique, en cr\u00e9ant pour eux :<\/h6>\n<p><\/p>\n<h6>\u2022<strong> Des visuels 3D photor\u00e9alistes de leurs produits<\/strong> (sacs, chaussures, pr\u00eat \u00e0 porter, ..) o\u00f9 chaque attribut est modifiable \u00e0 tout moment.&nbsp;<\/h6>\n<h6>\u2022 <strong>Un outil de configuration<\/strong> permettant de d\u00e9cliner l&#8217;apparence des produits (coupes, couleurs, mati\u00e8res) jusqu&#8217;au moindre d\u00e9tail. De ce fait, notre plateforme de rendu 3D permet la cr\u00e9ation d&#8217;une infinit\u00e9 de visuels produits en quelques clics.&nbsp;<\/h6>\n<h6>\u2022 <strong>Des exp\u00e9riences clients interactives en boutique, ou en ligne (sites e-commerce, les r\u00e9seaux sociaux&#8230;)<\/strong> qui stimulent ainsi l&#8217;engagement de la marque et les taux de conversion.<\/h6>\t\t\t\t\t\t\t\t<\/div>\n\t\t\t\t<\/div>\n\t\t\t\t<div class=\"elementor-element elementor-element-ef1bbdd elementor-widget elementor-widget-spacer\" data-id=\"ef1bbdd\" data-element_type=\"widget\" data-e-type=\"widget\" data-widget_type=\"spacer.default\">\n\t\t\t\t<div class=\"elementor-widget-container\">\n\t\t\t\t\t\t\t<div class=\"elementor-spacer\">\n\t\t\t<div class=\"elementor-spacer-inner\"><\/div>\n\t\t<\/div>\n\t\t\t\t\t\t<\/div>\n\t\t\t\t<\/div>\n\t\t\t\t\t<\/div>\n\t\t<\/div>\n\t\t\t\t\t<\/div>\n\t\t<\/section>\n\t\t\t\t<section class=\"elementor-section elementor-top-section elementor-element elementor-element-82cd6aa elementor-section-boxed elementor-section-height-default elementor-section-height-default\" data-id=\"82cd6aa\" data-element_type=\"section\" data-e-type=\"section\">\n\t\t\t\t\t\t<div class=\"elementor-container elementor-column-gap-default\">\n\t\t\t\t\t<div class=\"elementor-column elementor-col-100 elementor-top-column elementor-element elementor-element-9cae040\" data-id=\"9cae040\" data-element_type=\"column\" data-e-type=\"column\">\n\t\t\t<div class=\"elementor-widget-wrap elementor-element-populated\">\n\t\t\t\t\t\t<div class=\"elementor-element elementor-element-b215815 elementor-widget elementor-widget-heading\" data-id=\"b215815\" data-element_type=\"widget\" data-e-type=\"widget\" data-widget_type=\"heading.default\">\n\t\t\t\t<div class=\"elementor-widget-container\">\n\t\t\t\t\t<h2 class=\"elementor-heading-title elementor-size-default\">Missions du poste :<\/h2>\t\t\t\t<\/div>\n\t\t\t\t<\/div>\n\t\t\t\t<div class=\"elementor-element elementor-element-9d072b6 elementor-widget elementor-widget-spacer\" data-id=\"9d072b6\" data-element_type=\"widget\" data-e-type=\"widget\" data-widget_type=\"spacer.default\">\n\t\t\t\t<div class=\"elementor-widget-container\">\n\t\t\t\t\t\t\t<div class=\"elementor-spacer\">\n\t\t\t<div class=\"elementor-spacer-inner\"><\/div>\n\t\t<\/div>\n\t\t\t\t\t\t<\/div>\n\t\t\t\t<\/div>\n\t\t\t\t<div class=\"elementor-element elementor-element-d0c3597 elementor-widget elementor-widget-text-editor\" data-id=\"d0c3597\" data-element_type=\"widget\" data-e-type=\"widget\" data-widget_type=\"text-editor.default\">\n\t\t\t\t<div class=\"elementor-widget-container\">\n\t\t\t\t\t\t\t\t\t<h6>Directement rattach\u00e9(e) \u00e0 la Responsable Marketing, tu auras pour mission de contribuer \u00e0 renforcer l\u2019image de marque de SmartPixels, et d\u2019augmenter sa notori\u00e9t\u00e9 aupr\u00e8s des acteurs du luxe.<\/h6><h6>\u00a0<\/h6><h6>Tes missions principales seront les suivantes :<\/h6>\t\t\t\t\t\t\t\t<\/div>\n\t\t\t\t<\/div>\n\t\t\t\t<div class=\"elementor-element elementor-element-c20e919 elementor-widget elementor-widget-spacer\" data-id=\"c20e919\" data-element_type=\"widget\" data-e-type=\"widget\" data-widget_type=\"spacer.default\">\n\t\t\t\t<div class=\"elementor-widget-container\">\n\t\t\t\t\t\t\t<div class=\"elementor-spacer\">\n\t\t\t<div class=\"elementor-spacer-inner\"><\/div>\n\t\t<\/div>\n\t\t\t\t\t\t<\/div>\n\t\t\t\t<\/div>\n\t\t\t\t<div class=\"elementor-element elementor-element-f947b3d elementor-widget elementor-widget-text-editor\" data-id=\"f947b3d\" data-element_type=\"widget\" data-e-type=\"widget\" data-widget_type=\"text-editor.default\">\n\t\t\t\t<div class=\"elementor-widget-container\">\n\t\t\t\t\t\t\t\t\t<h6><b>\u2022&nbsp;Identification de nouveaux partenaires strat\u00e9giques pouvant g\u00e9n\u00e9rer des leads <\/b>(agences, soci\u00e9t\u00e9 de conseil, apporteur d\u2019affaire\u2026)<\/h6>\n<h6><b>\u2022&nbsp;Mise en place des strat\u00e9gies d\u2019approches pour ces prospects selon leurs typologies&nbsp;<\/b><\/h6>\n<h6><b>\u2022 Cr\u00e9ation de contenus qualitatifs <\/b>(articles de blogs, interview\u2026) afin d\u2019attirer de nouveaux partenaires<\/h6>\n<h6><b>\u2022&nbsp;Mise en place des activations <\/b>(newsletters, campagne marketing\u2026) afin<b> d\u2019entretenir le portefeuille de partenaires<\/b><\/h6>\n<h6><b>\u2022&nbsp;Suivi des KPIs <\/b>: analyser les performances de vos actions (ROI de chaque partenaire)<\/h6>\n<h6><b>\u2022&nbsp;Veilles <\/b>concurrentielle, technologique et sectorielle&nbsp;(participation \u00e0 des \u00e9v\u00e8nements)<\/h6>\t\t\t\t\t\t\t\t<\/div>\n\t\t\t\t<\/div>\n\t\t\t\t<div class=\"elementor-element elementor-element-5ccbb0c elementor-widget elementor-widget-spacer\" data-id=\"5ccbb0c\" data-element_type=\"widget\" data-e-type=\"widget\" data-widget_type=\"spacer.default\">\n\t\t\t\t<div class=\"elementor-widget-container\">\n\t\t\t\t\t\t\t<div class=\"elementor-spacer\">\n\t\t\t<div class=\"elementor-spacer-inner\"><\/div>\n\t\t<\/div>\n\t\t\t\t\t\t<\/div>\n\t\t\t\t<\/div>\n\t\t\t\t\t<\/div>\n\t\t<\/div>\n\t\t\t\t\t<\/div>\n\t\t<\/section>\n\t\t\t\t<section class=\"elementor-section elementor-top-section elementor-element elementor-element-148d8b3 elementor-section-boxed elementor-section-height-default elementor-section-height-default\" data-id=\"148d8b3\" data-element_type=\"section\" data-e-type=\"section\">\n\t\t\t\t\t\t<div class=\"elementor-container elementor-column-gap-default\">\n\t\t\t\t\t<div class=\"elementor-column elementor-col-100 elementor-top-column elementor-element elementor-element-06ea498\" data-id=\"06ea498\" data-element_type=\"column\" data-e-type=\"column\">\n\t\t\t<div class=\"elementor-widget-wrap elementor-element-populated\">\n\t\t\t\t\t\t<div class=\"elementor-element elementor-element-27d33e6 elementor-widget elementor-widget-heading\" data-id=\"27d33e6\" data-element_type=\"widget\" data-e-type=\"widget\" data-widget_type=\"heading.default\">\n\t\t\t\t<div class=\"elementor-widget-container\">\n\t\t\t\t\t<h2 class=\"elementor-heading-title elementor-size-default\">Profil et comp\u00e9tences recherch\u00e9es : <\/h2>\t\t\t\t<\/div>\n\t\t\t\t<\/div>\n\t\t\t\t<div class=\"elementor-element elementor-element-de38e3f elementor-widget elementor-widget-spacer\" data-id=\"de38e3f\" data-element_type=\"widget\" data-e-type=\"widget\" data-widget_type=\"spacer.default\">\n\t\t\t\t<div class=\"elementor-widget-container\">\n\t\t\t\t\t\t\t<div class=\"elementor-spacer\">\n\t\t\t<div class=\"elementor-spacer-inner\"><\/div>\n\t\t<\/div>\n\t\t\t\t\t\t<\/div>\n\t\t\t\t<\/div>\n\t\t\t\t<div class=\"elementor-element elementor-element-3e4c198 elementor-widget elementor-widget-text-editor\" data-id=\"3e4c198\" data-element_type=\"widget\" data-e-type=\"widget\" data-widget_type=\"text-editor.default\">\n\t\t\t\t<div class=\"elementor-widget-container\">\n\t\t\t\t\t\t\t\t\t<h6><b>Comp\u00e9tences requises :<\/b><\/h6><h6>\u00a0<\/h6><h6><span style=\"color: inherit; font-family: Helvetica, sans-serif; font-size: 18px; font-style: normal; font-weight: 400;\">\u2022 <\/span><span style=\"color: inherit; font-family: Helvetica, sans-serif; font-size: 18px; font-style: normal; font-weight: 400;\">Excellent niveau de Fran\u00e7ais et d\u2019Anglais \u00e9crit et parl\u00e9. La ma\u00eetrise de l\u2019Italien est un plus.<\/span><\/h6><h6>\u2022 Excellentes qualit\u00e9s d\u2019expression orale et r\u00e9dactionnelle, et aisance avec les canaux de communication digitaux (site web, r\u00e9seaux sociaux, \u2026)\u00a0<\/h6><h6>\u2022 Une 1\u00e8re exp\u00e9rience en charg\u00e9 de partenariat, marketing ou business d\u00e9velopper sera appr\u00e9ci\u00e9e<\/h6><div>\u00a0<\/div><p><br \/><br \/><\/p>\t\t\t\t\t\t\t\t<\/div>\n\t\t\t\t<\/div>\n\t\t\t\t<div class=\"elementor-element elementor-element-e652640 elementor-widget elementor-widget-text-editor\" data-id=\"e652640\" data-element_type=\"widget\" data-e-type=\"widget\" data-widget_type=\"text-editor.default\">\n\t\t\t\t<div class=\"elementor-widget-container\">\n\t\t\t\t\t\t\t\t\t<h6><b>Profil \/ Int\u00e9r\u00eat :<\/b><\/h6><h6>\u00a0<\/h6><h6>\u2022 Tu es \u00e9tudiant(e) dans une grande \u00e9cole (Bac+5), en formation Marketing\/Communication et tu recherches un stage de c\u00e9sure ou de fin d\u2019\u00e9tudes de 6 mois\u00a0<\/h6><h6>\u2022 Autonome, proactif et tr\u00e8s bon communiquant \u00e0 l&#8217;\u00e9crit et \u00e0 l&#8217;oral, tu as le contact facile. D\u00e9crocher ton t\u00e9l\u00e9phone et g\u00e9rer directement les relations avec les partenaires ne te fais pas peur !\u00a0<\/h6><h6>\u2022 Tu as de fortes app\u00e9tences pour l\u2019innovation technologique dans la mode, le luxe et le design !\u00a0<\/h6><div>\u00a0<\/div><p><br \/><br \/><\/p>\t\t\t\t\t\t\t\t<\/div>\n\t\t\t\t<\/div>\n\t\t\t\t<div class=\"elementor-element elementor-element-77ede6d elementor-widget elementor-widget-heading\" data-id=\"77ede6d\" data-element_type=\"widget\" data-e-type=\"widget\" data-widget_type=\"heading.default\">\n\t\t\t\t<div class=\"elementor-widget-container\">\n\t\t\t\t\t<h2 class=\"elementor-heading-title elementor-size-default\">Pourquoi nous rejoindre? <\/h2>\t\t\t\t<\/div>\n\t\t\t\t<\/div>\n\t\t\t\t<div class=\"elementor-element elementor-element-b99e26c elementor-widget elementor-widget-spacer\" data-id=\"b99e26c\" data-element_type=\"widget\" data-e-type=\"widget\" data-widget_type=\"spacer.default\">\n\t\t\t\t<div class=\"elementor-widget-container\">\n\t\t\t\t\t\t\t<div class=\"elementor-spacer\">\n\t\t\t<div class=\"elementor-spacer-inner\"><\/div>\n\t\t<\/div>\n\t\t\t\t\t\t<\/div>\n\t\t\t\t<\/div>\n\t\t\t\t<div class=\"elementor-element elementor-element-7974243 elementor-widget elementor-widget-text-editor\" data-id=\"7974243\" data-element_type=\"widget\" data-e-type=\"widget\" data-widget_type=\"text-editor.default\">\n\t\t\t\t<div class=\"elementor-widget-container\">\n\t\t\t\t\t\t\t\t\t<h6><strong>\u2713 Une \u00e9quipe pluridisciplinaire (devs, graph, marketing, .. ), de 20 collaborateurs passionn\u00e9s par l\u2019innovation et les enjeux technologiques li\u00e9s \u00e0 la 3D<\/strong> toutes anim\u00e9es par le go\u00fbt du challenge.<\/h6><h6>\u00a0<\/h6><h6><strong>\u2713<\/strong> <strong>Une StartUp reconnue pour son expertise technique, et ses produits innovants.<\/strong> Depuis 7 ans, nous accompagnons les grandes marques dans leurs projets li\u00e9s \u00e0 la cr\u00e9ation des visuels produits, la digitalisation des catalogues produits, la construction des offres de personnalisation en ligne, la cr\u00e9ation d\u2019exp\u00e9riences interactives en magasin, &#8230; et d\u2019autres projets innovants pour le monde du retail.\u00a0<\/h6><h6>\u00a0<\/h6><h6><strong>\u2713<\/strong><span style=\"font-family: Helvetica, sans-serif; font-size: 18px; font-style: normal; font-variant-ligatures: normal; font-variant-caps: normal; font-weight: 400;\">\u00a0<\/span><span style=\"font-family: Helvetica, sans-serif; font-size: 18px; font-style: normal; font-variant-ligatures: normal; font-variant-caps: normal; font-weight: 400;\"><strong>Un environnement attractif<\/strong> : localisation intra-muros (M\u00e9tro Nation), des locaux lumineux, une grande terrasse (fleurie), tickets restaurant\/mutuelle, Navigo 100%, t\u00e9l\u00e9travail et remote-friendly!\u00a0<\/span><\/h6><h6>\u00a0<\/h6>\t\t\t\t\t\t\t\t<\/div>\n\t\t\t\t<\/div>\n\t\t\t\t\t<\/div>\n\t\t<\/div>\n\t\t\t\t\t<\/div>\n\t\t<\/section>\n\t\t\t\t<section class=\"elementor-section elementor-top-section elementor-element elementor-element-df11e77 elementor-section-boxed elementor-section-height-default elementor-section-height-default\" data-id=\"df11e77\" data-element_type=\"section\" data-e-type=\"section\">\n\t\t\t\t\t\t<div class=\"elementor-container elementor-column-gap-default\">\n\t\t\t\t\t<div class=\"elementor-column elementor-col-100 elementor-top-column elementor-element elementor-element-662f126\" data-id=\"662f126\" data-element_type=\"column\" data-e-type=\"column\">\n\t\t\t<div class=\"elementor-widget-wrap elementor-element-populated\">\n\t\t\t\t\t\t<div class=\"elementor-element elementor-element-6a5175a elementor-widget-divider--view-line elementor-widget elementor-widget-divider\" data-id=\"6a5175a\" data-element_type=\"widget\" data-e-type=\"widget\" data-widget_type=\"divider.default\">\n\t\t\t\t<div class=\"elementor-widget-container\">\n\t\t\t\t\t\t\t<div class=\"elementor-divider\">\n\t\t\t<span class=\"elementor-divider-separator\">\n\t\t\t\t\t\t<\/span>\n\t\t<\/div>\n\t\t\t\t\t\t<\/div>\n\t\t\t\t<\/div>\n\t\t\t\t<div class=\"elementor-element elementor-element-e50e75d elementor-widget elementor-widget-heading\" data-id=\"e50e75d\" data-element_type=\"widget\" data-e-type=\"widget\" data-widget_type=\"heading.default\">\n\t\t\t\t<div class=\"elementor-widget-container\">\n\t\t\t\t\t<h2 class=\"elementor-heading-title elementor-size-default\">Envoyez vos CVs \u00e0 l'adresse suivante : <\/h2>\t\t\t\t<\/div>\n\t\t\t\t<\/div>\n\t\t\t\t<div class=\"elementor-element elementor-element-7879b9e elementor-widget elementor-widget-spacer\" data-id=\"7879b9e\" data-element_type=\"widget\" data-e-type=\"widget\" data-widget_type=\"spacer.default\">\n\t\t\t\t<div class=\"elementor-widget-container\">\n\t\t\t\t\t\t\t<div class=\"elementor-spacer\">\n\t\t\t<div class=\"elementor-spacer-inner\"><\/div>\n\t\t<\/div>\n\t\t\t\t\t\t<\/div>\n\t\t\t\t<\/div>\n\t\t\t\t<div class=\"elementor-element elementor-element-7e3539c elementor-widget elementor-widget-text-editor\" data-id=\"7e3539c\" data-element_type=\"widget\" data-e-type=\"widget\" data-widget_type=\"text-editor.default\">\n\t\t\t\t<div class=\"elementor-widget-container\">\n\t\t\t\t\t\t\t\t\t<h6><a href=\"mailto:jo**@*********ls.fr\" data-original-string=\"uw58kG1MBk5r\/1ZSiQsOKg==430YMI+PKXD1dOMOZIdNOiMmzPws4noinP0cKuAfAFRcKc=\" title=\"This contact has been encoded by Anti-Spam by CleanTalk. Click to decode. To finish the decoding make sure that JavaScript is enabled in your browser.\"><span \n                data-original-string='oTkeXX+zgOWILWmu+NcMOw==4303cP04JTrhxYsT5s5qL2Gs8s\/o7qxoeyKGZBALY3f+mk='\n                class='apbct-email-encoder'\n                title='This contact has been encoded by Anti-Spam by CleanTalk. Click to decode. To finish the decoding make sure that JavaScript is enabled in your browser.'>jo<span class=\"apbct-blur\">**<\/span>@<span class=\"apbct-blur\">*********<\/span>ls.fr<\/span><\/a><\/h6><h6><span style=\"color: inherit; font-family: Helvetica, sans-serif; font-size: 18px; font-style: normal; font-weight: 400;\">A bient\u00f4t !!<\/span><\/h6>\t\t\t\t\t\t\t\t<\/div>\n\t\t\t\t<\/div>\n\t\t\t\t<div class=\"elementor-element elementor-element-9b9da53 elementor-widget elementor-widget-spacer\" data-id=\"9b9da53\" data-element_type=\"widget\" data-e-type=\"widget\" data-widget_type=\"spacer.default\">\n\t\t\t\t<div class=\"elementor-widget-container\">\n\t\t\t\t\t\t\t<div class=\"elementor-spacer\">\n\t\t\t<div class=\"elementor-spacer-inner\"><\/div>\n\t\t<\/div>\n\t\t\t\t\t\t<\/div>\n\t\t\t\t<\/div>\n\t\t\t\t<div class=\"elementor-element elementor-element-fd8b043 elementor-align-left elementor-widget elementor-widget-button\" data-id=\"fd8b043\" data-element_type=\"widget\" data-e-type=\"widget\" data-widget_type=\"button.default\">\n\t\t\t\t<div class=\"elementor-widget-container\">\n\t\t\t\t\t\t\t\t\t<div class=\"elementor-button-wrapper\">\n\t\t\t\t\t<a class=\"elementor-button elementor-button-link elementor-size-md\" href=\"https:\/\/www.smartpixels.fr\/it\/careers\/\">\n\t\t\t\t\t\t<span class=\"elementor-button-content-wrapper\">\n\t\t\t\t\t\t\t\t\t<span class=\"elementor-button-text\">&lt; Join the team<\/span>\n\t\t\t\t\t<\/span>\n\t\t\t\t\t<\/a>\n\t\t\t\t<\/div>\n\t\t\t\t\t\t\t\t<\/div>\n\t\t\t\t<\/div>\n\t\t\t\t\t<\/div>\n\t\t<\/div>\n\t\t\t\t\t<\/div>\n\t\t<\/section>\n\t\t\t\t<\/div>","protected":false},"excerpt":{"rendered":"<p>BUSINESS DEVELOPER PARTENARIATS STRATEGIQUES ( 6 mois \/ C\u00e9sure ou fin d&#8217;\u00e9tude ) Qui sommes-nous ? Cr\u00e9\u00e9 en 2015, SmartPixels propose des solutions 3D innovantes pour les acteurs majeurs du monde du luxe et du retail (Gucci, Valentino, Dior, Berluti, Nike, Guerlain, Chanel, Chlo\u00e9, Swatch, Adidas\u2026). Reconnu pour son savoir-faire dans la production d\u2019images photor\u00e9alistes [&hellip;]<\/p>\n","protected":false},"author":2,"featured_media":0,"parent":0,"menu_order":0,"comment_status":"closed","ping_status":"closed","template":"","meta":{"footnotes":""},"class_list":["post-12747","page","type-page","status-publish","hentry"],"jetpack_sharing_enabled":true,"_links":{"self":[{"href":"https:\/\/www.smartpixels.fr\/it\/wp-json\/wp\/v2\/pages\/12747","targetHints":{"allow":["GET"]}}],"collection":[{"href":"https:\/\/www.smartpixels.fr\/it\/wp-json\/wp\/v2\/pages"}],"about":[{"href":"https:\/\/www.smartpixels.fr\/it\/wp-json\/wp\/v2\/types\/page"}],"author":[{"embeddable":true,"href":"https:\/\/www.smartpixels.fr\/it\/wp-json\/wp\/v2\/users\/2"}],"replies":[{"embeddable":true,"href":"https:\/\/www.smartpixels.fr\/it\/wp-json\/wp\/v2\/comments?post=12747"}],"version-history":[{"count":37,"href":"https:\/\/www.smartpixels.fr\/it\/wp-json\/wp\/v2\/pages\/12747\/revisions"}],"predecessor-version":[{"id":19851,"href":"https:\/\/www.smartpixels.fr\/it\/wp-json\/wp\/v2\/pages\/12747\/revisions\/19851"}],"wp:attachment":[{"href":"https:\/\/www.smartpixels.fr\/it\/wp-json\/wp\/v2\/media?parent=12747"}],"curies":[{"name":"wp","href":"https:\/\/api.w.org\/{rel}","templated":true}]}}