{"id":1660,"date":"2020-04-17T13:25:46","date_gmt":"2020-04-17T11:25:46","guid":{"rendered":"http:\/\/smartpix-website-test.azurewebsites.net\/?page_id=1660"},"modified":"2023-07-26T09:48:51","modified_gmt":"2023-07-26T07:48:51","slug":"julien-berta","status":"publish","type":"page","link":"https:\/\/www.smartpixels.fr\/it\/julien-berta\/","title":{"rendered":"Julien Berta"},"content":{"rendered":"<div data-elementor-type=\"wp-page\" data-elementor-id=\"1660\" class=\"elementor elementor-1660\" data-elementor-post-type=\"page\">\n\t\t\t\t\t\t<section class=\"elementor-section elementor-top-section elementor-element elementor-element-4fe1959 elementor-section-boxed elementor-section-height-default elementor-section-height-default\" data-id=\"4fe1959\" data-element_type=\"section\" data-e-type=\"section\">\n\t\t\t\t\t\t<div class=\"elementor-container elementor-column-gap-default\">\n\t\t\t\t\t<div class=\"elementor-column elementor-col-50 elementor-top-column elementor-element elementor-element-e1fd001\" data-id=\"e1fd001\" data-element_type=\"column\" data-e-type=\"column\">\n\t\t\t<div class=\"elementor-widget-wrap elementor-element-populated\">\n\t\t\t\t\t\t<div class=\"elementor-element elementor-element-a71b8c1 elementor-widget elementor-widget-image\" data-id=\"a71b8c1\" data-element_type=\"widget\" data-e-type=\"widget\" data-widget_type=\"image.default\">\n\t\t\t\t<div class=\"elementor-widget-container\">\n\t\t\t\t\t\t\t\t\t\t\t\t\t\t\t<img fetchpriority=\"high\" decoding=\"async\" width=\"600\" height=\"600\" src=\"https:\/\/www.smartpixels.fr\/wp-content\/uploads\/2016\/06\/Julien-2020.jpg\" class=\"attachment-large size-large wp-image-1070\" alt=\"\" srcset=\"https:\/\/www.smartpixels.fr\/wp-content\/uploads\/2016\/06\/Julien-2020.jpg 600w, https:\/\/www.smartpixels.fr\/wp-content\/uploads\/2016\/06\/Julien-2020-300x300.jpg 300w, https:\/\/www.smartpixels.fr\/wp-content\/uploads\/2016\/06\/Julien-2020-100x100.jpg 100w, https:\/\/www.smartpixels.fr\/wp-content\/uploads\/2016\/06\/Julien-2020-570x570.jpg 570w, https:\/\/www.smartpixels.fr\/wp-content\/uploads\/2016\/06\/Julien-2020-150x150.jpg 150w, https:\/\/www.smartpixels.fr\/wp-content\/uploads\/2016\/06\/Julien-2020-270x270.jpg 270w, https:\/\/www.smartpixels.fr\/wp-content\/uploads\/2016\/06\/Julien-2020-370x370.jpg 370w, https:\/\/www.smartpixels.fr\/wp-content\/uploads\/2016\/06\/Julien-2020-80x80.jpg 80w\" sizes=\"(max-width: 600px) 100vw, 600px\" \/>\t\t\t\t\t\t\t\t\t\t\t\t\t\t\t<\/div>\n\t\t\t\t<\/div>\n\t\t\t\t<div class=\"elementor-element elementor-element-0223728 elementor-widget elementor-widget-spacer\" data-id=\"0223728\" data-element_type=\"widget\" data-e-type=\"widget\" data-widget_type=\"spacer.default\">\n\t\t\t\t<div class=\"elementor-widget-container\">\n\t\t\t\t\t\t\t<div class=\"elementor-spacer\">\n\t\t\t<div class=\"elementor-spacer-inner\"><\/div>\n\t\t<\/div>\n\t\t\t\t\t\t<\/div>\n\t\t\t\t<\/div>\n\t\t\t\t<div class=\"elementor-element elementor-element-da2190f elementor-widget elementor-widget-spacer\" data-id=\"da2190f\" data-element_type=\"widget\" data-e-type=\"widget\" data-widget_type=\"spacer.default\">\n\t\t\t\t<div class=\"elementor-widget-container\">\n\t\t\t\t\t\t\t<div class=\"elementor-spacer\">\n\t\t\t<div class=\"elementor-spacer-inner\"><\/div>\n\t\t<\/div>\n\t\t\t\t\t\t<\/div>\n\t\t\t\t<\/div>\n\t\t\t\t\t<\/div>\n\t\t<\/div>\n\t\t\t\t<div class=\"elementor-column elementor-col-50 elementor-top-column elementor-element elementor-element-6ee68d6\" data-id=\"6ee68d6\" data-element_type=\"column\" data-e-type=\"column\">\n\t\t\t<div class=\"elementor-widget-wrap elementor-element-populated\">\n\t\t\t\t\t\t<div class=\"elementor-element elementor-element-0185536 elementor-widget elementor-widget-heading\" data-id=\"0185536\" data-element_type=\"widget\" data-e-type=\"widget\" data-widget_type=\"heading.default\">\n\t\t\t\t<div class=\"elementor-widget-container\">\n\t\t\t\t\t<h1 class=\"elementor-heading-title elementor-size-default\">Julien Berta<\/h1>\t\t\t\t<\/div>\n\t\t\t\t<\/div>\n\t\t\t\t<div class=\"elementor-element elementor-element-8ffe39c elementor-widget elementor-widget-spacer\" data-id=\"8ffe39c\" data-element_type=\"widget\" data-e-type=\"widget\" data-widget_type=\"spacer.default\">\n\t\t\t\t<div class=\"elementor-widget-container\">\n\t\t\t\t\t\t\t<div class=\"elementor-spacer\">\n\t\t\t<div class=\"elementor-spacer-inner\"><\/div>\n\t\t<\/div>\n\t\t\t\t\t\t<\/div>\n\t\t\t\t<\/div>\n\t\t\t\t<div class=\"elementor-element elementor-element-091b430 elementor-widget elementor-widget-heading\" data-id=\"091b430\" data-element_type=\"widget\" data-e-type=\"widget\" data-widget_type=\"heading.default\">\n\t\t\t\t<div class=\"elementor-widget-container\">\n\t\t\t\t\t<h1 class=\"elementor-heading-title elementor-size-default\">Chief Executive Officer<\/h1>\t\t\t\t<\/div>\n\t\t\t\t<\/div>\n\t\t\t\t<div class=\"elementor-element elementor-element-ebcdc0d elementor-widget elementor-widget-spacer\" data-id=\"ebcdc0d\" data-element_type=\"widget\" data-e-type=\"widget\" data-widget_type=\"spacer.default\">\n\t\t\t\t<div class=\"elementor-widget-container\">\n\t\t\t\t\t\t\t<div class=\"elementor-spacer\">\n\t\t\t<div class=\"elementor-spacer-inner\"><\/div>\n\t\t<\/div>\n\t\t\t\t\t\t<\/div>\n\t\t\t\t<\/div>\n\t\t\t\t<div class=\"elementor-element elementor-element-e1aebc0 elementor-widget elementor-widget-text-editor\" data-id=\"e1aebc0\" data-element_type=\"widget\" data-e-type=\"widget\" data-widget_type=\"text-editor.default\">\n\t\t\t\t<div class=\"elementor-widget-container\">\n\t\t\t\t\t\t\t\t\t<p>Amministratore delegato e fondatore di SmartPixels. Julien \u00e8 un project manager esperto in realt\u00e0 virtuale e aumentata con pi\u00f9 di 15 anni di esperienza.&nbsp;<\/p><p><br><\/p><p>Julien Berta era il vicepresidente di tecnologia e innovazione all'interno della divisione software di Mechdyne. Le sue precedenti responsabilit\u00e0 includono la direzione della visione tecnica della Divisione Software e quelle dello sviluppo tecnologico. Prima, Julien era il responsabile tecnico e  prodotto della Divisione Software di Mechdyne. Julien ha anche lavorato per Fakespace Labs, un pioniere nella ricerca e nello sviluppo della realt\u00e0 virtuale. Prima di rientrare in Mechdyne nel 2010, ha lavorato come responsabile dello sviluppo software per F4, uno studio di giochi online a Parigi, in Francia.<\/p><p><br><\/p>\n<p>Julien ha conseguito una laurea in computer grafica presso l'Universit\u00e9 Louis Pasteur, Strasburgo, Francia; un master in ingegneria del software presso l'Ecole Nationale Sup\u00e9rieure des T\u00e9l\u00e9communications, Parigi, Francia; e un master in fisica presso l'Ecole Nationale Sup\u00e9rieure de Physique, Strasburgo, Francia.<\/p>\t\t\t\t\t\t\t\t<\/div>\n\t\t\t\t<\/div>\n\t\t\t\t<div class=\"elementor-element elementor-element-7d3face elementor-widget elementor-widget-spacer\" data-id=\"7d3face\" data-element_type=\"widget\" data-e-type=\"widget\" data-widget_type=\"spacer.default\">\n\t\t\t\t<div class=\"elementor-widget-container\">\n\t\t\t\t\t\t\t<div class=\"elementor-spacer\">\n\t\t\t<div class=\"elementor-spacer-inner\"><\/div>\n\t\t<\/div>\n\t\t\t\t\t\t<\/div>\n\t\t\t\t<\/div>\n\t\t\t\t<div class=\"elementor-element elementor-element-248c5f7 elementor-position-inline-start elementor-view-default elementor-mobile-position-block-start elementor-widget elementor-widget-icon-box\" data-id=\"248c5f7\" data-element_type=\"widget\" data-e-type=\"widget\" data-widget_type=\"icon-box.default\">\n\t\t\t\t<div class=\"elementor-widget-container\">\n\t\t\t\t\t\t\t<div class=\"elementor-icon-box-wrapper\">\n\n\t\t\t\t\t\t<div class=\"elementor-icon-box-icon\">\n\t\t\t\t<a href=\"https:\/\/www.linkedin.com\/in\/julienberta\/\" class=\"elementor-icon elementor-animation-grow\" tabindex=\"-1\" aria-label=\"Profilo LinkedIn\">\n\t\t\t\t<svg xmlns=\"http:\/\/www.w3.org\/2000\/svg\" xmlns:xlink=\"http:\/\/www.w3.org\/1999\/xlink\" id=\"Calque_1\" x=\"0px\" y=\"0px\" viewbox=\"0 0 512 512\" style=\"enable-background:new 0 0 512 512;\" xml:space=\"preserve\"><style type=\"text\/css\">\t.st0{fill:#B71531;}<\/style><path class=\"st0\" d=\"M475.1,0H36.9C16.5,0,0,16.5,0,36.9v438.1C0,495.5,16.5,512,36.9,512h438.1c20.4,0,36.9-16.5,36.9-36.9V36.9  C512,16.5,495.5,0,475.1,0z M181.6,387h-62.3V199.4h62.3V387z M150.4,173.8H150c-20.9,0-34.5-14.4-34.5-32.4  c0-18.4,13.9-32.4,35.3-32.4s34.5,14,34.9,32.4C185.7,159.4,172.2,173.8,150.4,173.8z M406.4,387h-62.3V286.7  c0-25.2-9-42.4-31.6-42.4c-17.2,0-27.5,11.6-32,22.8c-1.6,4-2.1,9.6-2.1,15.2V387h-62.3c0,0,0.8-170,0-187.6h62.3V226  c8.3-12.8,23.1-31,56.2-31c41,0,71.8,26.8,71.8,84.4V387z\"><\/path><\/svg>\t\t\t\t<\/a>\n\t\t\t<\/div>\n\t\t\t\n\t\t\t\t\t\t<div class=\"elementor-icon-box-content\">\n\n\t\t\t\t\t\t\t\t\t<h3 class=\"elementor-icon-box-title\">\n\t\t\t\t\t\t<a href=\"https:\/\/www.linkedin.com\/in\/julienberta\/\" >\n\t\t\t\t\t\t\tProfilo LinkedIn\t\t\t\t\t\t<\/a>\n\t\t\t\t\t<\/h3>\n\t\t\t\t\n\t\t\t\t\n\t\t\t<\/div>\n\t\t\t\n\t\t<\/div>\n\t\t\t\t\t\t<\/div>\n\t\t\t\t<\/div>\n\t\t\t\t<div class=\"elementor-element elementor-element-ba5ad3c elementor-widget elementor-widget-spacer\" data-id=\"ba5ad3c\" data-element_type=\"widget\" data-e-type=\"widget\" data-widget_type=\"spacer.default\">\n\t\t\t\t<div class=\"elementor-widget-container\">\n\t\t\t\t\t\t\t<div class=\"elementor-spacer\">\n\t\t\t<div class=\"elementor-spacer-inner\"><\/div>\n\t\t<\/div>\n\t\t\t\t\t\t<\/div>\n\t\t\t\t<\/div>\n\t\t\t\t<div class=\"elementor-element elementor-element-1a91642 elementor-align-left elementor-widget elementor-widget-button\" data-id=\"1a91642\" data-element_type=\"widget\" data-e-type=\"widget\" data-widget_type=\"button.default\">\n\t\t\t\t<div class=\"elementor-widget-container\">\n\t\t\t\t\t\t\t\t\t<div class=\"elementor-button-wrapper\">\n\t\t\t\t\t<a class=\"elementor-button elementor-button-link elementor-size-sm\" href=\"https:\/\/www.smartpixels.fr\/it\/meet-the-team\/\">\n\t\t\t\t\t\t<span class=\"elementor-button-content-wrapper\">\n\t\t\t\t\t\t\t\t\t<span class=\"elementor-button-text\">&lt; Meet the team<\/span>\n\t\t\t\t\t<\/span>\n\t\t\t\t\t<\/a>\n\t\t\t\t<\/div>\n\t\t\t\t\t\t\t\t<\/div>\n\t\t\t\t<\/div>\n\t\t\t\t\t<\/div>\n\t\t<\/div>\n\t\t\t\t\t<\/div>\n\t\t<\/section>\n\t\t\t\t<\/div>","protected":false},"excerpt":{"rendered":"<p>Julien Berta Chief Executive Officer Chief Executive and Founder of SmartPixels. Julien is an expert project manager in virtual and augmented reality with more than 15 years of experience.&nbsp; Julien Berta served as Vice President of Technology and Innovation within Mechdyne\u2019s Software Division. His former responsibilities include guiding the Software Division\u2019s technical vision and leading [&hellip;]<\/p>\n","protected":false},"author":2,"featured_media":0,"parent":0,"menu_order":0,"comment_status":"closed","ping_status":"closed","template":"","meta":{"footnotes":""},"class_list":["post-1660","page","type-page","status-publish","hentry"],"jetpack_sharing_enabled":true,"_links":{"self":[{"href":"https:\/\/www.smartpixels.fr\/it\/wp-json\/wp\/v2\/pages\/1660","targetHints":{"allow":["GET"]}}],"collection":[{"href":"https:\/\/www.smartpixels.fr\/it\/wp-json\/wp\/v2\/pages"}],"about":[{"href":"https:\/\/www.smartpixels.fr\/it\/wp-json\/wp\/v2\/types\/page"}],"author":[{"embeddable":true,"href":"https:\/\/www.smartpixels.fr\/it\/wp-json\/wp\/v2\/users\/2"}],"replies":[{"embeddable":true,"href":"https:\/\/www.smartpixels.fr\/it\/wp-json\/wp\/v2\/comments?post=1660"}],"version-history":[{"count":28,"href":"https:\/\/www.smartpixels.fr\/it\/wp-json\/wp\/v2\/pages\/1660\/revisions"}],"predecessor-version":[{"id":19860,"href":"https:\/\/www.smartpixels.fr\/it\/wp-json\/wp\/v2\/pages\/1660\/revisions\/19860"}],"wp:attachment":[{"href":"https:\/\/www.smartpixels.fr\/it\/wp-json\/wp\/v2\/media?parent=1660"}],"curies":[{"name":"wp","href":"https:\/\/api.w.org\/{rel}","templated":true}]}}