{"id":7190,"date":"2021-05-27T14:11:05","date_gmt":"2021-05-27T12:11:05","guid":{"rendered":"https:\/\/www.smartpixels.fr\/?page_id=7190"},"modified":"2024-01-29T17:20:24","modified_gmt":"2024-01-29T16:20:24","slug":"terms-and-policy","status":"publish","type":"page","link":"https:\/\/www.smartpixels.fr\/it\/terms-and-policy\/","title":{"rendered":"Termini e condizioni generali"},"content":{"rendered":"<div data-elementor-type=\"wp-page\" data-elementor-id=\"7190\" class=\"elementor elementor-7190\" data-elementor-post-type=\"page\">\n\t\t\t\t\t\t<section class=\"elementor-section elementor-top-section elementor-element elementor-element-954dc38 elementor-section-boxed elementor-section-height-default elementor-section-height-default\" data-id=\"954dc38\" data-element_type=\"section\" data-e-type=\"section\">\n\t\t\t\t\t\t<div class=\"elementor-container elementor-column-gap-default\">\n\t\t\t\t\t<div class=\"elementor-column elementor-col-100 elementor-top-column elementor-element elementor-element-1c45a97f\" data-id=\"1c45a97f\" data-element_type=\"column\" data-e-type=\"column\">\n\t\t\t<div class=\"elementor-widget-wrap elementor-element-populated\">\n\t\t\t\t\t\t<div class=\"elementor-element elementor-element-6c306d6 elementor-widget elementor-widget-spacer\" data-id=\"6c306d6\" data-element_type=\"widget\" data-e-type=\"widget\" data-widget_type=\"spacer.default\">\n\t\t\t\t<div class=\"elementor-widget-container\">\n\t\t\t\t\t\t\t<div class=\"elementor-spacer\">\n\t\t\t<div class=\"elementor-spacer-inner\"><\/div>\n\t\t<\/div>\n\t\t\t\t\t\t<\/div>\n\t\t\t\t<\/div>\n\t\t\t\t<div class=\"elementor-element elementor-element-2d5fc9d elementor-widget elementor-widget-text-editor\" data-id=\"2d5fc9d\" data-element_type=\"widget\" data-e-type=\"widget\" data-widget_type=\"text-editor.default\">\n\t\t\t\t<div class=\"elementor-widget-container\">\n\t\t\t\t\t\t\t\t\t<h1 style=\"text-align: center;\"><b>Avviso legale e politica sulla privacy<\/b><strong style=\"text-align: left;\">&nbsp;<\/strong><br><\/h1><div><strong style=\"text-align: left;\"><br><\/strong><\/div>\n<p>La societ\u00e0 SmartPixels, preoccupata per i diritti delle persone e in un desiderio di trasparenza con i suoi clienti, ha stabilito una politica che copre tutti questi trattamenti, le finalit\u00e0 perseguite da essi e i mezzi di azione a disposizione delle persone affinch\u00e9 possano esercitare al meglio i loro diritti.<\/p>\n<p><br><\/p>\n<p>Per qualsiasi informazione supplementare sulla protezione dei dati personali, vi invitiamo a consultare il sito: https:\/\/www.cnil.fr\/<\/p>\n<p><br><\/p>\n<p>L'utilizzo del sito www.smartpixels.fr implica la piena accettazione delle condizioni generali di utilizzo descritte di seguito. Queste condizioni d'uso possono essere modificate o completate in qualsiasi momento, gli utenti del sito www.smartpixels.fr sono quindi invitati a consultarle regolarmente. La versione di queste condizioni d'uso ora in linea \u00e8 l'unica che pu\u00f2 essere applicata durante tutto il periodo di utilizzo del sito, e fino a quando una nuova versione lo sostituisce.<\/p>\n<p><br><\/p>\n<ol>\n<li>\n<h5 style=\"text-align: left;\"><b><u>Avviso legale<\/u><\/b><br><\/h5>\n<\/li>\n<\/ol>\n<p><b>Editore del sito (di seguito \"l'editore\")<\/b><br><\/p>\n<p>SmartPixels SAS con un capitale di 2811 \u20ac, la cui sede \u00e8 situata al 32 boulevard de Strasbourg, 75010 Parigi.<\/p>\n<p><strong>&nbsp;<\/strong><\/p>\n<p><b>Ospitante del sito (di seguito \"l'ospitante\")<\/b><br><\/p>\n<p>OVH - 2 rue Kellermann - 59100 Roubaix<\/p>\n<p><strong>&nbsp;<\/strong><\/p>\n<p><b>Responsabile della pubblicazione del sito:<\/b><br><\/p>\n<p>Julien Berta \u2013 <span style=\"color: #b71531;\"><a style=\"color: #b71531;\" href=\"mailto:co*****@*********ls.fr\" data-original-string=\"x2+4wGU9X7LvbKEwt\/xKLA==430V4Nw4WLW7oWQP2+JVs2Lf1PVQSlb0MfSZM5PMCjiEfw=\" title=\"This contact has been encoded by Anti-Spam by CleanTalk. Click to decode. To finish the decoding make sure that JavaScript is enabled in your browser.\"><span \n                data-original-string='LTMFIZkPflp7BK+qmd2rtQ==430MtZB34sHjzX1Zoc3J7GzsvAZwMF90Rki8gsdAntFvi4='\n                class='apbct-email-encoder'\n                title='This contact has been encoded by Anti-Spam by CleanTalk. Click to decode. To finish the decoding make sure that JavaScript is enabled in your browser.'>co<span class=\"apbct-blur\">*****<\/span>@<span class=\"apbct-blur\">*********<\/span>ls.fr<\/span><\/a><\/span><\/p>\n<p><strong>&nbsp;<\/strong><\/p>\n<p><b>Proprietario del sito :<\/b><br><\/p>\n<p>SmartPixels SAS con un capitale di 2811 \u20ac, la cui sede legale si trova: 32 boulevard de Strasbourg, 75010 Parigi.<\/p>\n<ol start=\"2\">\n<li>\n<h5><b><u>Condizioni generali di utilizzo del sito e dei servizi proposti.<\/u><\/b><br><\/h5>\n<\/li>\n<\/ol>\n<p><b><u>Accesso al sito<\/u><\/b><br><\/p>\n<p>Questo sito \u00e8 normalmente accessibile in qualsiasi momento agli utenti.<\/p>\n<p>Per la buona gestione del sito, un'interruzione per motivi di manutenzione tecnica pu\u00f2 tuttavia essere decisa da SmartPixels, che cercher\u00e0 di comunicare in anticipo agli utenti le date e gli orari dell'intervento.<\/p>\n<p><br><\/p>\n<p><b><u>Gestione del sito<\/u><\/b><br><\/p>\n<p>Il sito www.smartpixels.fr \u00e8 aggiornato regolarmente. Allo stesso modo, l'avviso legale e la politica di riservatezza possono essere modificati in qualsiasi momento: sono tuttavia imposti all'utente che \u00e8 invitato a consultarli il pi\u00f9 spesso possibile per prenderne conoscenza.<br><\/p>\n<p><br><\/p>\n<p><b><u>Utilizzo del sito<\/u><\/b><br><\/p>\n<p>L'utente si impegna a non utilizzare questo sito e le informazioni o i dati in esso contenuti a fini commerciali, politici o pubblicitari, o per qualsiasi forma di sollecitazione commerciale, comprese le e-mail non richieste.<\/p>\n<ol start=\"3\">\n<li>\n<h5><b><u>Descrizione dei servizi forniti.<\/u><\/b><br><\/h5>\n<\/li>\n<\/ol>\n<p>Lo scopo del sito www.smartpixels.fr \u00e8 di fornire informazioni sulle attivit\u00e0 della societ\u00e0.<\/p>\n<p>SmartPixels fa ogni sforzo per fornire informazioni sul sito www.smartpixels.fr che siano il pi\u00f9 accurato possibile. Tuttavia, non pu\u00f2 essere ritenuto responsabile di omissioni, imprecisioni e lacune nell'aggiornamento, siano esse di sua creazione o di partner terzi che le forniscono queste informazioni.<\/p>\n<p>Tutte le informazioni indicate sul sito www.smartpixels.fr sono date a titolo indicativo, e sono suscettibili di evolvere. Inoltre, le informazioni del sito www.smartpixels.fr non sono esaustive. Sono date con riserva di modifiche apportate dalla loro messa in linea.<\/p>\n<ol start=\"4\">\n<li>\n<h5><b><u>Limitazioni contrattuali sui dati tecnici.<\/u><\/b><br><\/h5>\n<\/li>\n<\/ol>\n<p>Il sito utilizza la tecnologia JavaScript. Il sito non pu\u00f2 essere ritenuto responsabile dei danni materiali legati all'utilizzo del sito. Inoltre, l'utente del sito si impegna ad accedere al sito utilizzando attrezzature recenti, prive di virus e con un browser di ultima generazione aggiornato.<\/p>\n<ol start=\"5\">\n<li>\n<h5><b><u>Contenuto del sito, propriet\u00e0 intellettuale e contraffazione.<\/u><\/b><br><\/h5>\n<\/li>\n<\/ol>\n<p>SmartPixels \u00e8 titolare dei diritti di propriet\u00e0 intellettuale e detiene i diritti d'uso su tutti gli elementi accessibili sul sito www.smartpixels.fr, in particolare i testi, le immagini animate o meno, le illustrazioni, le fotografie, la grafica, il logo, le icone, i suoni, i video, i software, cos\u00ec come tutte le applicazioni informatiche che potrebbero essere utilizzate per far funzionare il sito.<\/p>\n<p>Qualsiasi riproduzione, rappresentazione, modifica, pubblicazione, adattamento di tutti o parte degli elementi del sito, qualunque sia il mezzo o il processo utilizzato, \u00e8 vietata, salvo previa autorizzazione scritta di SmartPixels.<\/p>\n<p>Qualsiasi sfruttamento non autorizzato del sito o di uno qualsiasi degli elementi che contiene sar\u00e0 considerato come una contraffazione e sar\u00e0 perseguito conformemente alle disposizioni degli articoli L.335-2 e seguenti del Codice della Propriet\u00e0 Intellettuale.<\/p>\n<p>Il fatto che l'editore non avvii una procedura cuando viene a conoscenza di un utilizzo non autorizzato non significa che accetti tale utilizzo e che rinunci al suo diritto di perseguire.<\/p>\n<ol start=\"6\">\n<li>\n<h5><b><u>Limitazioni di responsabilit\u00e0.<\/u><\/b><br><\/h5>\n<\/li>\n<\/ol>\n<p>SmartPixels non pu\u00f2 essere ritenuto responsabile:<\/p>\n<p><br><\/p>\n<p>dei danni diretti e indiretti causati al materiale dell'utente, durante l'accesso a tutto o a parte del sito www.smartpixels.fr, e risultanti sia dall'utilizzo di un materiale che non rispetta le specifiche indicate al punto 4, sia dalla comparsa di un bug o di un'incompatibilit\u00e0.<\/p>\n<p>I danni indiretti (come la perdita di mercato o di opportunit\u00e0) derivanti dall'utilizzo del sito smartpixels.fr.<\/p>\n<p>Il mancato rispetto da parte dell'utente delle presenti condizioni d'uso.<\/p>\n<p>Gli spazi interattivi (possibilit\u00e0 di porre domande nello spazio di contatto) sono a disposizione degli utenti. SmartPixels si riserva il diritto di cancellare, senza preavviso, qualsiasi contenuto pubblicato in questo spazio che contravvenga alla legislazione applicabile in Francia, in particolare le disposizioni relative alla protezione dei dati. Se necessario, SmartPixels si riserva anche la possibilit\u00e0 di chiamare in causa la responsabilit\u00e0 civile e\/o penale dell'utente, in particolare in caso di messaggio a carattere razzista, ingiurioso, diffamatorio o pornografico, qualunque sia il supporto utilizzato (testo, fotografia...).<\/p>\n<ol start=\"7\">\n<li>\n<h5><b><u>Gestione dei dati personali.<\/u><\/b><br><\/h5>\n<\/li>\n<\/ol>\n<p>In Francia, i dati personali sono protetti da :<\/p>\n<p><br><\/p>\n<p>- La legge n\u00b0 78-87 del 6 gennaio 1978, modificata in particolare dalla legge n\u00b0 2004-801 del 6 agosto 2004 relativa all'informatica, ai file e alle libert\u00e0<\/p>\n<p>- L'articolo L. 226-13 del codice penale francese e la direttiva europea del 24 ottobre 1995,<\/p>\n<p>- La legge n\u00b0 2004-575 del 21 giugno 2004 per la fiducia nell'economia digitale.<\/p>\n<p><br><\/p>\n<p><b><u>Raccolta di dati personali<\/u><\/b><br><\/p>\n<p>Durante l'utilizzo del sito www.smartpixels.fr, possono essere raccolti dati personali, in particolare: l'URL dei link attraverso i quali l'utente ha avuto accesso al sito www.smartpixels.fr, il provider di accesso dell'utente, l'indirizzo del protocollo Internet (IP) dell'utente.<\/p>\n<p><br><\/p>\n<p>Le informazioni personali relative all'utente possono essere utilizzate solo per la necessit\u00e0 di alcuni servizi proposti dal sito www.smartpixels.fr. L'utente fornisce queste informazioni con piena conoscenza dei fatti, in particolare quando procede da solo al loro inserimento. \u00c8 allora precisato all'utente del sito www.smartpixels.fr l'obbligo o meno di fornire queste informazioni.<\/p>\n<p><br><\/p>\n<p>Le informazioni personali che possono essere raccolte sul sito sono :<\/p>\n<p>- Nome e cognome<\/p>\n<p>- Indirizzo e-mail<\/p>\n<p>- Numero di telefono<\/p>\n<p>- Posizione e societ\u00e0<\/p>\n<p>Questi dati possono essere trattati dall'editore per le seguenti finalit\u00e0<\/p>\n<p>- operazioni di canvassing<\/p>\n<p>- la gestione delle relazioni commerciali con l'utente<\/p>\n<p>- a fini di statistiche commerciali<\/p>\n<p>- o per la gestione delle richieste di diritti di accesso, rettifica o opposizione.<\/p>\n<p><br><\/p>\n<p>A data protection officer is available for any question relating to the protection of personal data at the following address: <span \n                data-original-string='sf8b2FhEgYgjWUpfVPhHDg==430P7mRX1HYIlpaerhG39tPyGrRSrBNrEsPyPam3w84VFM='\n                class='apbct-email-encoder'\n                title='This contact has been encoded by Anti-Spam by CleanTalk. Click to decode. To finish the decoding make sure that JavaScript is enabled in your browser.'>dp<span class=\"apbct-blur\">*<\/span>@<span class=\"apbct-blur\">*********<\/span>ls.fr<\/span><\/p>\n<p><br><\/p>\n<p><b><u>Archiviazione e conservazione dei dati personali<\/u><\/b><\/p>\n<p>I dati sono conservati e utilizzati per un periodo di tempo conforme alla legislazione in vigore.<\/p>\n<p>I dati sono conservati con mezzi sicuri.<\/p>\n<div><br><\/div>\n<p><b><u>Comunicazione di dati personali a terzi<\/u><\/b><br><\/p>\n<p>Nessuna informazione personale dell'utente del sito www.smartpixels.fr viene pubblicata all'insaputa dell'utente, scambiata, trasferita, ceduta o venduta su qualsiasi supporto a terzi. Solo l'ipotesi del riacquisto di SmartPixels e dei suoi diritti permetterebbe la trasmissione delle suddette informazioni all'eventuale acquirente che sarebbe a sua volta tenuto allo stesso obbligo di conservazione e modifica dei dati rispetto all'utente del sito www.smartpixels.fr.<\/p>\n<div><br><\/div>\n<p><b><u>Trasferimento di dati personali<\/u><\/b><br><\/p>\n<p>Non viene effettuato alcun trasferimento di dati personali degli utenti del sito www.smartpixels.fr fuori dell'Unione Europea.<br><\/p>\n<p><br><\/p>\n<p><b><u>Esercizio dei diritti:<\/u><\/b><br><\/p>\n<p>Conformemente alle disposizioni degli articoli 38 e seguenti della legge 78-17 del 6 gennaio 1978 relativa all'informatica, ai file e alle libert\u00e0, ogni utente dispone di un diritto di accesso, di rettifica e di opposizione ai dati personali che lo riguardano, facendo una richiesta scritta e firmata, accompagnata da una copia della carta d'identit\u00e0 con firma del titolare del documento, specificando l'indirizzo al quale deve essere inviata la risposta.<\/p>\n<p><br><\/p>\n<p>&nbsp; &nbsp; &nbsp; &nbsp; &nbsp; &nbsp; &nbsp; &nbsp; L'utente pu\u00f2 esercitare tali diritti nei seguenti modi<\/p>\n<p><br><\/p>\n<p>Posta ordinaria all'indirizzo<\/p>\n<p>DPO SmartPixels<\/p>\n<p>32 boulevard de Strasbourg<\/p>\n<p><br><\/p>\n<p>75012 Parigi<\/p>\n<p><br><\/p>\n<p>by mail to the following address: <span \n                data-original-string='bjJ95Id7Ay0hCYpGwT3+WQ==430k9blx0aetnI7i8hRrNtUWFhpgXimIZcsPj7jAxEoUsk='\n                class='apbct-email-encoder'\n                title='This contact has been encoded by Anti-Spam by CleanTalk. Click to decode. To finish the decoding make sure that JavaScript is enabled in your browser.'>dp<span class=\"apbct-blur\">*<\/span>@<span class=\"apbct-blur\">*********<\/span>ls.fr<\/span><\/p>\n<p>I database sono protetti dalle disposizioni della legge del 1 luglio 1998 che recepisce la direttiva 96\/9 dell'11 marzo 1996 sulla protezione giuridica dei database.<\/p>\n<ol start=\"8\">\n<li>\n<h5><b><u>Link ipertestuali e cookie.<\/u><\/b><br><\/h5>\n<\/li>\n<\/ol>\n<p>Il sito www.smartpixels.fr contiene un certo numero di link ipertestuali verso altri siti, predisposti con l'autorizzazione di SmartPixels. Tuttavia, SmartPixels non ha la possibilit\u00e0 di controllare il contenuto dei siti cos\u00ec visitati, e non si assume di conseguenza alcuna responsabilit\u00e0 di questo fatto.<\/p>\n<p><span style=\"font-size: 13px; font-weight: 300;\">La navigazione sul sito www.smartpixels.fr pu\u00f2 comportare l'installazione di cookies sul computer dell'utente.<\/span><br><\/p>\n<p><br><\/p>\n<p><b><u>Cos'\u00e8 un \"cookie\"?<\/u><\/b><br><\/p>\n<p>Un \"cookie\" o tracciante \u00e8 un file elettronico depositato su un terminale (computer, tablet, smartphone, ...) e letto per esempio quando si consulta un sito web, si legge una mail, si installa o si utilizza un software o un'applicazione mobile e questo indipendentemente dal tipo di terminale utilizzato. (fonte: https:\/\/www.cnil.fr\/fr\/cookies-traceurs-que-dit-la-loi )<\/p>\n<p>&nbsp;Durante la navigazione sul sito www.smartpixels.fr, dei \"cookies\" della societ\u00e0 responsabile del sito in questione e\/o di societ\u00e0 terze possono essere depositati sul vostro terminale.<\/p>\n<p>Durante la prima navigazione sul sito www.smartpixels.fr, apparir\u00e0 un banner che spiega l'utilizzo dei \"cookies\". Da quel momento in poi, proseguendo la navigazione, si riterr\u00e0 che il cliente e\/o prospect sia stato informato e abbia accettato l'utilizzo di detti \"cookies\". Il consenso dato sar\u00e0 valido per un periodo di tredici (13) mesi.<\/p>\n<p>Il rifiuto di installare un cookie pu\u00f2 rendere impossibile l'accesso a certi servizi.<\/p>\n<p><br><\/p>\n<p><b><u>Come posso controllare l'uso dei cookies?<\/u><\/b><br><\/p>\n<p>Per maggiori informazioni sull'uso, la gestione e la cancellazione dei \"cookies\", per tutti i tipi di browser, vi invitiamo a consultare il seguente link: https:\/\/www.cnil.fr\/fr\/cookies-les-outils-pour-les-maitriser.<br><\/p>\n<p><br><\/p>\n<p><b><u>Quali cookie sono utilizzati sul sito www.smartpixels.fr?<\/u><\/b><\/p>\n<div><br><\/div>\n<p>Google anaytics : permette di misurare il traffico sul sito<\/p>\n<ol start=\"9\">\n<li><b><u>Legge applicabile e giurisdizione.<\/u><\/b><br><\/li>\n<\/ol>\n<p><b>Il presente avviso legale e qualsiasi controversia in relazione all'uso del sito www.smartpixels.fr \u00e8 soggetto al diritto francese. Si fa esclusiva attribuzione di giurisdizione ai tribunali competenti della sede dell'editore (Parigi).<\/b><br><\/p>\n<ol start=\"10\">\n<li><b><u>Le principali leggi interessate.<\/u><\/b><br><\/li>\n<\/ol>\n<ul>\n<li>\n<\/li>\n<li>- La legge n\u00b0 78-87 del 6 gennaio 1978, in particolare modificata dalla legge n\u00b0 2004-801 del 6 agosto 2004 relativa all'informatica, ai file e alle libert\u00e0<\/li>\n<li>- L'articolo L. 226-13 del codice penale francese e la direttiva europea del 24 ottobre 1995,<\/li>\n<li>- La legge n\u00b0 2004-575 del 21 giugno 2004 per la fiducia nell'economia digitale.<\/li>\n<\/ul>\n<ol start=\"11\">\n<li><b><u>Lessico.<\/u><\/b><br><\/li>\n<\/ol>\n<p><b><i>Utente: utente di Internet che si connette, utilizzando il sito di cui sopra.<\/i><\/b><\/p>\n<p><b><i><br><\/i><\/b><\/p>\n<p><b><i>Informazioni personali: \"informazioni che permettono, in qualsiasi forma, direttamente o meno, l'identificazione delle persone a cui si applicano\" (articolo 4 della legge n. 78-17 del 6 gennaio 1978).<\/i><\/b><\/p>\n<ol start=\"12\">\n<li><b><u>Contatto<\/u><\/b><br><\/li>\n<\/ol>\n<p>For any question or information on the products presented on the site, or concerning the site itself, you can leave a message at the following address: <span \n                data-original-string='n82L5j4GrxlUeGTl0XqyBg==430XZ6uk5XNEuBePI7956mWGXsvlVtrDi6+b5BUC98niRU='\n                class='apbct-email-encoder'\n                title='This contact has been encoded by Anti-Spam by CleanTalk. Click to decode. To finish the decoding make sure that JavaScript is enabled in your browser.'>co<span class=\"apbct-blur\">*****<\/span>@<span class=\"apbct-blur\">*********<\/span>ls.fr<\/span><\/p>\t\t\t\t\t\t\t\t<\/div>\n\t\t\t\t<\/div>\n\t\t\t\t\t<\/div>\n\t\t<\/div>\n\t\t\t\t\t<\/div>\n\t\t<\/section>\n\t\t\t\t<\/div>","protected":false},"excerpt":{"rendered":"<p>Legal Notice and Privacy Policy&nbsp; The SmartPixels company, concerned about the rights of individuals and in a desire for transparency with its customers, has established a policy covering all these treatments, the purposes pursued by them and the means of action available to individuals so that they can best exercise their rights. For any additional [&hellip;]<\/p>\n","protected":false},"author":2,"featured_media":0,"parent":0,"menu_order":0,"comment_status":"closed","ping_status":"open","template":"","meta":{"footnotes":""},"class_list":["post-7190","page","type-page","status-publish","hentry"],"jetpack_sharing_enabled":true,"_links":{"self":[{"href":"https:\/\/www.smartpixels.fr\/it\/wp-json\/wp\/v2\/pages\/7190","targetHints":{"allow":["GET"]}}],"collection":[{"href":"https:\/\/www.smartpixels.fr\/it\/wp-json\/wp\/v2\/pages"}],"about":[{"href":"https:\/\/www.smartpixels.fr\/it\/wp-json\/wp\/v2\/types\/page"}],"author":[{"embeddable":true,"href":"https:\/\/www.smartpixels.fr\/it\/wp-json\/wp\/v2\/users\/2"}],"replies":[{"embeddable":true,"href":"https:\/\/www.smartpixels.fr\/it\/wp-json\/wp\/v2\/comments?post=7190"}],"version-history":[{"count":17,"href":"https:\/\/www.smartpixels.fr\/it\/wp-json\/wp\/v2\/pages\/7190\/revisions"}],"predecessor-version":[{"id":21880,"href":"https:\/\/www.smartpixels.fr\/it\/wp-json\/wp\/v2\/pages\/7190\/revisions\/21880"}],"wp:attachment":[{"href":"https:\/\/www.smartpixels.fr\/it\/wp-json\/wp\/v2\/media?parent=7190"}],"curies":[{"name":"wp","href":"https:\/\/api.w.org\/{rel}","templated":true}]}}